{"id":929,"date":"2015-05-26T23:03:41","date_gmt":"2015-05-26T21:03:41","guid":{"rendered":"http:\/\/www.johanbjorklund.se\/?page_id=929"},"modified":"2024-03-23T23:11:41","modified_gmt":"2024-03-23T22:11:41","slug":"thymeshift-beyond-horizons","status":"publish","type":"page","link":"https:\/\/www.johanbjorklund.se\/index.php\/skivor\/thymeshift-beyond-horizons\/","title":{"rendered":"Thymeshift &#8211; &#8221;Beyond Horizons&#8221; 2015"},"content":{"rendered":"\n<figure class=\"wp-block-image size-large is-style-default\"><a href=\"https:\/\/www.johanbjorklund.se\/wp\/wp-content\/uploads\/2015\/05\/Beyond-Horizons-front.jpg\"><img decoding=\"async\" loading=\"lazy\" width=\"1020\" height=\"1024\" src=\"https:\/\/www.johanbjorklund.se\/wp\/wp-content\/uploads\/2015\/05\/Beyond-Horizons-front-1020x1024.jpg\" alt=\"\" class=\"wp-image-924\" srcset=\"https:\/\/www.johanbjorklund.se\/wp\/wp-content\/uploads\/2015\/05\/Beyond-Horizons-front-1020x1024.jpg 1020w, https:\/\/www.johanbjorklund.se\/wp\/wp-content\/uploads\/2015\/05\/Beyond-Horizons-front-150x150.jpg 150w, https:\/\/www.johanbjorklund.se\/wp\/wp-content\/uploads\/2015\/05\/Beyond-Horizons-front-300x300.jpg 300w\" sizes=\"(max-width: 767px) 89vw, (max-width: 1000px) 54vw, (max-width: 1071px) 543px, 580px\" \/><\/a><\/figure>\n\n\n\n<figure class=\"wp-block-embed is-type-rich is-provider-spotify wp-block-embed-spotify wp-embed-aspect-21-9 wp-has-aspect-ratio\"><div class=\"wp-block-embed__wrapper\">\n<iframe title=\"Spotify Embed: Beyond Horizons\" style=\"border-radius: 12px\" width=\"100%\" height=\"352\" frameborder=\"0\" allowfullscreen allow=\"autoplay; clipboard-write; encrypted-media; fullscreen; picture-in-picture\" loading=\"lazy\" src=\"https:\/\/open.spotify.com\/embed\/album\/7cLvZngJsfo4DJkOT6DGCE?si=rJetS5rpS2ap0-pqbpJ5RA&#038;utm_source=oembed\"><\/iframe>\n<\/div><\/figure>\n\n\n\n<figure class=\"wp-block-embed is-type-video is-provider-youtube wp-block-embed-youtube wp-embed-aspect-16-9 wp-has-aspect-ratio\"><div class=\"wp-block-embed__wrapper\">\n<iframe loading=\"lazy\" title=\"Thymeshift - Beyond horizons\" width=\"525\" height=\"295\" src=\"https:\/\/www.youtube.com\/embed\/OZCz15FEwDc?feature=oembed\" frameborder=\"0\" allow=\"accelerometer; autoplay; clipboard-write; encrypted-media; gyroscope; picture-in-picture; web-share\" allowfullscreen><\/iframe>\n<\/div><\/figure>\n\n\n<p>Released 3 June 2015 Record label: <a href=\"http:\/\/www.boogiepost.com\/\" target=\"_blank\" rel=\"noopener noreferrer\">Boogiepost<\/a> (BPCD016) <br style=\"color: #444444;\" \/>Recorded in Studio V\u00e4ster\u00e5s april 2012.<br style=\"color: #444444;\" \/>Mixed by Johannes Lundberg, Studio Epidemin Gothenburg.<span style=\"color: #ffffff;\">burg.<\/span><span style=\"color: #444444;\"><br \/><\/span>Produced by Johan Bj\u00f6rklund and Thomas Gunillasson.<\/p>\n<h2>MUSICIANS<\/h2>\n<p>Johan Bj\u00f6rklund &#8211; drums, zither<br \/>Thomas Gunillasson &#8211; guitar, laptop<br \/>Hilmar Jensson &#8211; guitar<br \/>Thomas Backman &#8211; saxophone, clarinet<\/p>\n<h2>BUY<\/h2>\n<p>CD: 120 sek, incl. postage (Nordic countries). Order by <a style=\"font-weight: inherit; font-style: inherit; color: #638d02;\" href=\"mailto:johan@johanbjorklund.se\">mail<\/a>.<br \/><a href=\"https:\/\/itunes.apple.com\/se\/album\/beyond-horizons\/id1001116380\" target=\"_blank\" rel=\"noopener noreferrer\">Apple Music<\/a>\u00a0<\/p>\n\n\n<h2 class=\"wp-block-heading\"><\/h2>\n\n\n\n<p><\/p>\n","protected":false},"excerpt":{"rendered":"<p>Released 3 June 2015 Record label: Boogiepost (BPCD016) Recorded in Studio V\u00e4ster\u00e5s april 2012.Mixed by Johannes Lundberg, Studio Epidemin Gothenburg.burg.Produced by Johan Bj\u00f6rklund and Thomas Gunillasson. MUSICIANS Johan Bj\u00f6rklund &#8211; drums, zitherThomas Gunillasson &#8211; guitar, laptopHilmar Jensson &#8211; guitarThomas Backman &#8211; saxophone, clarinet BUY CD: 120 sek, incl. postage (Nordic countries). Order by mail.Apple Music\u00a0<\/p>\n","protected":false},"author":1,"featured_media":0,"parent":9,"menu_order":8,"comment_status":"closed","ping_status":"open","template":"","meta":{"footnotes":""},"_links":{"self":[{"href":"https:\/\/www.johanbjorklund.se\/index.php\/wp-json\/wp\/v2\/pages\/929"}],"collection":[{"href":"https:\/\/www.johanbjorklund.se\/index.php\/wp-json\/wp\/v2\/pages"}],"about":[{"href":"https:\/\/www.johanbjorklund.se\/index.php\/wp-json\/wp\/v2\/types\/page"}],"author":[{"embeddable":true,"href":"https:\/\/www.johanbjorklund.se\/index.php\/wp-json\/wp\/v2\/users\/1"}],"replies":[{"embeddable":true,"href":"https:\/\/www.johanbjorklund.se\/index.php\/wp-json\/wp\/v2\/comments?post=929"}],"version-history":[{"count":24,"href":"https:\/\/www.johanbjorklund.se\/index.php\/wp-json\/wp\/v2\/pages\/929\/revisions"}],"predecessor-version":[{"id":2480,"href":"https:\/\/www.johanbjorklund.se\/index.php\/wp-json\/wp\/v2\/pages\/929\/revisions\/2480"}],"up":[{"embeddable":true,"href":"https:\/\/www.johanbjorklund.se\/index.php\/wp-json\/wp\/v2\/pages\/9"}],"wp:attachment":[{"href":"https:\/\/www.johanbjorklund.se\/index.php\/wp-json\/wp\/v2\/media?parent=929"}],"curies":[{"name":"wp","href":"https:\/\/api.w.org\/{rel}","templated":true}]}}