{"id":9,"date":"2012-09-24T09:13:06","date_gmt":"2012-09-24T09:13:06","guid":{"rendered":"http:\/\/www.johanbjorklund.se\/?page_id=9"},"modified":"2023-09-05T16:46:13","modified_gmt":"2023-09-05T14:46:13","slug":"skivor","status":"publish","type":"page","link":"https:\/\/www.johanbjorklund.se\/index.php\/skivor\/","title":{"rendered":"RELEASES"},"content":{"rendered":"<ul><li class=\"page_item page-item-2538\"><a href=\"https:\/\/www.johanbjorklund.se\/index.php\/skivor\/thymeshift-layers-of-in-between-2024\/\">THYMESHIFT &#8211; &#8221;Layers Of In Between&#8221; 2024<\/a><\/li>\n<li class=\"page_item page-item-2415\"><a href=\"https:\/\/www.johanbjorklund.se\/index.php\/skivor\/armand-van-wijck-nothing-to-declare-2024\/\">Armand van Wijck &#8211; Nothing to Declare 2024<\/a><\/li>\n<li class=\"page_item page-item-2503\"><a href=\"https:\/\/www.johanbjorklund.se\/index.php\/skivor\/sara-alden-there-is-no-future-2024\/\">Sara Ald\u00e9n &#8211; There Is No Future 2024<\/a><\/li>\n<li class=\"page_item page-item-2232\"><a href=\"https:\/\/www.johanbjorklund.se\/index.php\/skivor\/johan-bjorklund-pjaxerod-2-0-2023\/\">Johan Bj\u00f6rklund &#8211; &#8221;Pj\u00e4xer\u00f6d 2.0&#8221; 2023<\/a><\/li>\n<li class=\"page_item page-item-2228\"><a href=\"https:\/\/www.johanbjorklund.se\/index.php\/skivor\/john-lonnmyr-aftonland-2023\/\">John L\u00f6nnmyr &#8211; &#8221;Aftonland&#8221; 2023<\/a><\/li>\n<li class=\"page_item page-item-2179\"><a href=\"https:\/\/www.johanbjorklund.se\/index.php\/skivor\/mire-iii-island-song-2023\/\">MIRE III &#8211; &#8221;Island Song&#8221; 2023<\/a><\/li>\n<li class=\"page_item page-item-2174\"><a href=\"https:\/\/www.johanbjorklund.se\/index.php\/skivor\/nocom-earth-music\/\">NoCom &#8211; &#8221;Earth Music&#8221; 2023<\/a><\/li>\n<li class=\"page_item page-item-1834\"><a href=\"https:\/\/www.johanbjorklund.se\/index.php\/skivor\/thymeshift-united-music-outside-boxes-2021\/\">Thymeshift United &#8211; &#8221;Music Outside Boxes&#8221; 2021<\/a><\/li>\n<li class=\"page_item page-item-1793\"><a href=\"https:\/\/www.johanbjorklund.se\/index.php\/skivor\/parallel-activity-8-millimeter-2021\/\">Parallel Activity &#8211; &#8221;8 millimeter&#8221; 2021<\/a><\/li>\n<li class=\"page_item page-item-1624\"><a href=\"https:\/\/www.johanbjorklund.se\/index.php\/skivor\/thymeshift-dark-lights-2021\/\">Thymeshift &#8211; &#8221;Dark Lights&#8221; 2021<\/a><\/li>\n<li class=\"page_item page-item-1617\"><a href=\"https:\/\/www.johanbjorklund.se\/index.php\/skivor\/monochromatics-knockout-2020\/\">Monochromatics &#8211; &#8221;Knockout&#8221; 2020<\/a><\/li>\n<li class=\"page_item page-item-1366\"><a href=\"https:\/\/www.johanbjorklund.se\/index.php\/skivor\/disturbance\/\">Disturbance &#8211; &#8221;Tribal Elektronix&#8221; 2019<\/a><\/li>\n<li class=\"page_item page-item-1427\"><a href=\"https:\/\/www.johanbjorklund.se\/index.php\/skivor\/disturbance-manipulated-2019\/\">Disturbance &#8211; &#8221;Manipulated&#8221; 2019<\/a><\/li>\n<li class=\"page_item page-item-1233\"><a href=\"https:\/\/www.johanbjorklund.se\/index.php\/skivor\/celso-paco-dynamo-de-luxe-mocambique-2018\/\">Celso Paco &#038; Dynamo de Luxe -&#8221;Mo\u00e7ambique&#8221; 2018<\/a><\/li>\n<li class=\"page_item page-item-1164\"><a href=\"https:\/\/www.johanbjorklund.se\/index.php\/skivor\/parallel-activity-rubicon-2017\/\">Parallel Activity &#8211; &#8221;Rubicon&#8221; 2017<\/a><\/li>\n<li class=\"page_item page-item-1153\"><a href=\"https:\/\/www.johanbjorklund.se\/index.php\/skivor\/the-sonic-e-dope-regards-2017\/\">The Sonic E &#8211; &#8221;Dope Regards&#8221; 2017<\/a><\/li>\n<li class=\"page_item page-item-1016\"><a href=\"https:\/\/www.johanbjorklund.se\/index.php\/skivor\/johan-bjorklund-dynamic-flavours-burning-bridges\/\">Johan Bj\u00f6rklund Dynamic Flavours &#8211; &#8221;Burning bridges&#8221; 2016<\/a><\/li>\n<li class=\"page_item page-item-1101\"><a href=\"https:\/\/www.johanbjorklund.se\/index.php\/skivor\/ratedx-passive-aggressive\/\">RatedX &#8211; &#8221;Passive Aggressive&#8221; 2016<\/a><\/li>\n<li class=\"page_item page-item-929\"><a href=\"https:\/\/www.johanbjorklund.se\/index.php\/skivor\/thymeshift-beyond-horizons\/\">Thymeshift &#8211; &#8221;Beyond Horizons&#8221; 2015<\/a><\/li>\n<li class=\"page_item page-item-781\"><a href=\"https:\/\/www.johanbjorklund.se\/index.php\/skivor\/thomas-gunillasson-glashus\/\">Thomas Gunillasson  &#8211; &#8221;Glashus&#8221; 2014<\/a><\/li>\n<li class=\"page_item page-item-151\"><a href=\"https:\/\/www.johanbjorklund.se\/index.php\/skivor\/shine\/\">Johan Bj\u00f6rklund Dynamic Flavours \u2013 &#8221;Shine&#8221; 2011<\/a><\/li>\n<li class=\"page_item page-item-154\"><a href=\"https:\/\/www.johanbjorklund.se\/index.php\/skivor\/celso-paco-dynamo-de-luxe-dugongo\/\">Celso Paco &#038; Dynamo de Luxe \u2013 &#8221;Dugongo&#8221; 2011<\/a><\/li>\n<li class=\"page_item page-item-156\"><a href=\"https:\/\/www.johanbjorklund.se\/index.php\/skivor\/mess-onwards\/\">Mess \u2013 &#8221;Onwards&#8221; 2009<\/a><\/li>\n<li class=\"page_item page-item-163\"><a href=\"https:\/\/www.johanbjorklund.se\/index.php\/skivor\/zara-tellander-himmelens-hatt\/\">Zara Tellander \u2013 &#8221;Himmelens Hatt&#8221; 2005<\/a><\/li>\n<li class=\"page_item page-item-165\"><a href=\"https:\/\/www.johanbjorklund.se\/index.php\/skivor\/nu-green-fingers\/\">:nu \u2013 &#8221;Green Fingers&#8221; 2005<\/a><\/li>\n<li class=\"page_item page-item-167\"><a href=\"https:\/\/www.johanbjorklund.se\/index.php\/skivor\/mess-st-amblendfoll\/\">Mess \u2013 &#8221;St. Amblendfoll&#8221; 2005<\/a><\/li>\n<li class=\"page_item page-item-161\"><a href=\"https:\/\/www.johanbjorklund.se\/index.php\/skivor\/mess-i-manegen\/\">Mess \u2013 &#8221;I manegen&#8221; 2002<\/a><\/li>\n<\/ul>\n","protected":false},"excerpt":{"rendered":"","protected":false},"author":1,"featured_media":0,"parent":0,"menu_order":0,"comment_status":"closed","ping_status":"open","template":"","meta":{"footnotes":""},"_links":{"self":[{"href":"https:\/\/www.johanbjorklund.se\/index.php\/wp-json\/wp\/v2\/pages\/9"}],"collection":[{"href":"https:\/\/www.johanbjorklund.se\/index.php\/wp-json\/wp\/v2\/pages"}],"about":[{"href":"https:\/\/www.johanbjorklund.se\/index.php\/wp-json\/wp\/v2\/types\/page"}],"author":[{"embeddable":true,"href":"https:\/\/www.johanbjorklund.se\/index.php\/wp-json\/wp\/v2\/users\/1"}],"replies":[{"embeddable":true,"href":"https:\/\/www.johanbjorklund.se\/index.php\/wp-json\/wp\/v2\/comments?post=9"}],"version-history":[{"count":35,"href":"https:\/\/www.johanbjorklund.se\/index.php\/wp-json\/wp\/v2\/pages\/9\/revisions"}],"predecessor-version":[{"id":2204,"href":"https:\/\/www.johanbjorklund.se\/index.php\/wp-json\/wp\/v2\/pages\/9\/revisions\/2204"}],"wp:attachment":[{"href":"https:\/\/www.johanbjorklund.se\/index.php\/wp-json\/wp\/v2\/media?parent=9"}],"curies":[{"name":"wp","href":"https:\/\/api.w.org\/{rel}","templated":true}]}}