{"id":53,"date":"2012-09-24T09:53:47","date_gmt":"2012-09-24T07:53:47","guid":{"rendered":"http:\/\/www.johanbjorklund.se\/?page_id=53"},"modified":"2023-08-17T15:11:10","modified_gmt":"2023-08-17T13:11:10","slug":"celso-paco-dynamo-deluxe","status":"publish","type":"page","link":"https:\/\/www.johanbjorklund.se\/index.php\/former-bands-projects\/celso-paco-dynamo-deluxe\/","title":{"rendered":"CELSO PACO &#038; DYNAMO DE LUXE"},"content":{"rendered":"<p><iframe loading=\"lazy\" src=\"http:\/\/w.soundcloud.com\/player\/?url=http%3A%2F%2Fapi.soundcloud.com%2Fusers%2F6014610&amp;auto_play=false&amp;show_artwork=true&amp;color=66cc00\" width=\"100%\" height=\"450\" frameborder=\"no\" scrolling=\"no\"><\/iframe><br \/>\n<iframe loading=\"lazy\" title=\"Celso Paco &amp; Dynamo de Luxe - &quot;Mozambique&quot; NEW RECORD OUT 23 August 2018\" width=\"525\" height=\"295\" src=\"https:\/\/www.youtube.com\/embed\/KjIaxkbd9d0?feature=oembed\" frameborder=\"0\" allow=\"accelerometer; autoplay; clipboard-write; encrypted-media; gyroscope; picture-in-picture\" allowfullscreen><\/iframe><\/p>\n<div>Musiken tar avstamp i Celso Pacos musikaliska r\u00f6tter fr\u00e5n hemlandet Moqambique.<\/div>\n<div>Starka rytmer, poetiska texter och vackra melodier.<\/div>\n<div>Tillsammans med de svenska musikernas blandade och gedigna bakgrund har ett alldeles eget sound mejslats ut.<\/div>\n<div>Med stor respekt f\u00f6r traditionerna i den afrikanska musiken och ett nyfiket \u00f6ga in i framtiden blir detta musik som sprider gl\u00e4dje och f\u00e5r publiken att dansa som om det inte fanns n\u00e5gon morgondag. Alltid!<\/div>\n<div><\/div>\n<div>Celso Paco \u00e4r starkt p\u00e5verkad av musiken fr\u00e5n sitt hemland och tolkar traditionella s\u00e5nger fr\u00e5n trakterna kring hemstaden Maputo. Han har ocks\u00e5 inspirerats av musik fr\u00e5n grannl\u00e4nder som Sydafrika och Zimbabwe. Den internationella rock- och jazzscenen har gjort starkt intryck p\u00e5 honom vilket ocks\u00e5 avspeglas tydligt i gruppens sammans\u00e4ttning och uttryck.<\/div>\n<div>Celso sjunger om personliga upplevelser och reflektioner. Spr\u00e5ket varierar, ronga (etniskt spr\u00e5k fr\u00e5n s\u00f6dra Mo\u00e7ambique), portugisiska, engelska och franska.<\/div>\n<div>Oavsett var musiken har sitt stilm\u00e4ssiga ursprung s\u00e5 \u00e4r Celso Paco &amp; Dynamo de Luxe besj\u00e4lade av den afrikanska musikens poesi, groove och energi.<\/div>\n<div><\/div>\n<div>Bandet sl\u00e4ppte kritikerrosade &#8221;Dugongo&#8221; 2011 och \u00e4r nu h\u00f6gaktuella med nya albumet&nbsp;\u201dMo\u00e7ambique\u201d som sl\u00e4pptes h\u00f6sten 2018 p\u00e5 egna bolaget Eko in Gothenburg.<\/div>\n<div>Framtr\u00e4danden p\u00e5 t.ex Nefertiti, Kulturhuset i Sthlm, Hotell Koster, Urkult, Kristianstads Jazzfestival, Umefolk och m\u00e5nga andra platser i Norden har gjort bandet till en grym liveakt som hanterar sm\u00e5 och stora scener p\u00e5 b\u00e4sta s\u00e4tt!<\/div>\n<div><\/div>\n<div>Lyssna, njut och dansa!<\/div>\n<h2>Musiker<\/h2>\n<p>Celso Paco &#8211; s\u00e5ng, trummor &amp; slagverk, xitende, timbila, kalimba, mbira<br \/>\nJohan Bj\u00f6rklund &#8211; trummor<br \/>\nOla Hedman &#8211; bas<br \/>\nH\u00e5kan Hellquist &#8211; gitarr<br \/>\nHans Edberg &#8211; gitarr, munspel<\/p>\n<h2>L\u00e4nkar<\/h2>\n<p><a href=\"http:\/\/www.dynamodeluxe.com\/\">dynamodeluxe.com<\/a><br \/>\n<a href=\"http:\/\/www.soundcloud.com\/celso-paco-dd\" target=\"_blank\" rel=\"noopener noreferrer\">SoundCloud<\/a><\/p>\n<p><a href=\"https:\/\/www.facebook.com\/CelsoPacoDynamodeluxe\"><img decoding=\"async\" loading=\"lazy\" class=\"alignleft size-full wp-image-700\" title=\"facebook_32\" src=\"https:\/\/www.johanbjorklund.se\/wp\/wp-content\/uploads\/2012\/11\/facebook_32.png\" alt=\"\" width=\"32\" height=\"32\"><\/a>&nbsp;Gilla Celso Paco &amp; Dynamo de Luxe p\u00e5 Facebook!<\/p>\n","protected":false},"excerpt":{"rendered":"<p>Musiken tar avstamp i Celso Pacos musikaliska r\u00f6tter fr\u00e5n hemlandet Moqambique. Starka rytmer, poetiska texter och vackra melodier. Tillsammans med de svenska musikernas blandade och gedigna bakgrund har ett alldeles eget sound mejslats ut. Med stor respekt f\u00f6r traditionerna i den afrikanska musiken och ett nyfiket \u00f6ga in i framtiden blir detta musik som sprider &hellip; <\/p>\n<p class=\"link-more\"><a href=\"https:\/\/www.johanbjorklund.se\/index.php\/former-bands-projects\/celso-paco-dynamo-deluxe\/\" class=\"more-link\">Forts\u00e4tt l\u00e4sa<span class=\"screen-reader-text\"> &#8221;CELSO PACO &#038; DYNAMO DE LUXE&#8221;<\/span><\/a><\/p>\n","protected":false},"author":1,"featured_media":1357,"parent":1606,"menu_order":2,"comment_status":"closed","ping_status":"closed","template":"","meta":{"footnotes":""},"_links":{"self":[{"href":"https:\/\/www.johanbjorklund.se\/index.php\/wp-json\/wp\/v2\/pages\/53"}],"collection":[{"href":"https:\/\/www.johanbjorklund.se\/index.php\/wp-json\/wp\/v2\/pages"}],"about":[{"href":"https:\/\/www.johanbjorklund.se\/index.php\/wp-json\/wp\/v2\/types\/page"}],"author":[{"embeddable":true,"href":"https:\/\/www.johanbjorklund.se\/index.php\/wp-json\/wp\/v2\/users\/1"}],"replies":[{"embeddable":true,"href":"https:\/\/www.johanbjorklund.se\/index.php\/wp-json\/wp\/v2\/comments?post=53"}],"version-history":[{"count":23,"href":"https:\/\/www.johanbjorklund.se\/index.php\/wp-json\/wp\/v2\/pages\/53\/revisions"}],"predecessor-version":[{"id":1572,"href":"https:\/\/www.johanbjorklund.se\/index.php\/wp-json\/wp\/v2\/pages\/53\/revisions\/1572"}],"up":[{"embeddable":true,"href":"https:\/\/www.johanbjorklund.se\/index.php\/wp-json\/wp\/v2\/pages\/1606"}],"wp:featuredmedia":[{"embeddable":true,"href":"https:\/\/www.johanbjorklund.se\/index.php\/wp-json\/wp\/v2\/media\/1357"}],"wp:attachment":[{"href":"https:\/\/www.johanbjorklund.se\/index.php\/wp-json\/wp\/v2\/media?parent=53"}],"curies":[{"name":"wp","href":"https:\/\/api.w.org\/{rel}","templated":true}]}}