{"id":410,"date":"2012-10-07T19:14:39","date_gmt":"2012-10-07T17:14:39","guid":{"rendered":"http:\/\/www.johanbjorklund.se\/?page_id=410"},"modified":"2024-11-14T17:22:38","modified_gmt":"2024-11-14T16:22:38","slug":"press","status":"publish","type":"page","link":"https:\/\/www.johanbjorklund.se\/index.php\/press\/","title":{"rendered":"PRESS\/DOWNLOADS"},"content":{"rendered":"\n<h2 class=\"wp-block-heading\">INTERVIEWS\/ARTICLES<\/h2>\n\n\n\n<p><a href=\"https:\/\/www.lira.se\/hem-till-garden-johan-bjorklund-moter-sitt-forflutna\/\">LIRA<\/a> &#8211; January 2024. Interview about my project &#8221;Pj\u00e4xer\u00f6d 2.0&#8221;<br><a href=\"https:\/\/www.gp.se\/livsstil\/utbredd-luft-gav-fokus-och-inspiration.95bf98e3-fab1-4fc1-a081-884f84691651\">G\u00f6teborgsposten<\/a> &#8211; November 2021. Interview about my way of handling the Covid-19 pandemic as an artist.<br><a href=\"https:\/\/www.lira.se\/storband-pa-nytt-vis-med-thymeshift-united\/\">LIRA<\/a> &#8211; September 2020. Article about Thymeshift United<br><a href=\"https:\/\/www.hn.se\/noje\/musik\/fyra-fragor-till-johan-bjorklund.cd403080-4812-4846-a124-357babbc3379\">Hallandsposten<\/a> &#8211; April 2015. Interview about upcoming concerts in Falkenberg, Sweden.<\/p>\n\n\n\n<h2 class=\"wp-block-heading\">PHOTOS<\/h2>\n\n\n\n<p>High resolution photos for press. Click the bandname for download.<br><a href=\"https:\/\/www.johanbjorklund.se\/wp\/wp-content\/uploads\/2015\/09\/Johan-Bj\u00f6rklund-Press-fullsize-2015-2bilder.zip\">Johan Bj\u00f6rklund <\/a><br><a href=\"https:\/\/www.johanbjorklund.se\/wp\/wp-content\/uploads\/2019\/11\/DISTURBANCE-TRIBAL-ELEKTRONIXIMAGESCOVER.zip\">Disturbance<\/a><br><a href=\"https:\/\/www.johanbjorklund.se\/wp\/wp-content\/uploads\/2020\/09\/MONOCHROMATICS-PRESS-COL-KRISTIN-LIDELL.zip\">Monochromatics<\/a><br><a href=\"https:\/\/www.johanbjorklund.se\/wp\/wp-content\/uploads\/2021\/08\/THYMESHIFT-PRESS-KRISTIN-LIDELL.zip\">Thymeshift<\/a><br><a href=\"https:\/\/www.johanbjorklund.se\/wp\/wp-content\/uploads\/2021\/08\/THYMESHIFT-PRESS-KRISTIN-LIDELL.zip\">Thymeshift United<\/a><br><a href=\"https:\/\/www.johanbjorklund.se\/wp\/wp-content\/uploads\/2024\/03\/THYMESHIFT-ELEKTRONIX-BW-PRESS-HIRES.zip\">Thymeshift Elektronix<\/a><br><a href=\"https:\/\/www.johanbjorklund.se\/wp\/wp-content\/uploads\/2024\/02\/JDBF-PRESS-HIRES-COL-Kristin-Lidell.zip\">Johan Bj\u00f6rklund Dynamic Flavours <\/a><br><a href=\"https:\/\/www.johanbjorklund.se\/wp\/wp-content\/uploads\/2024\/02\/MIRE-III-ELISA-CALDAN-PRESS-2023.zip\">MIRE III<\/a><br><br>The photographers name must always be credited when published.<br><strong>Johan Bj\u00f6rklund<\/strong> \u00a9 Magnus Bergstr\u00f6m<br><strong>Disturbance<\/strong> \u00a9 Magnus Bergstr\u00f6m<br><strong>Monochromatics<\/strong> \u00a9 Kristin Lidell<br><strong>Thymeshift<\/strong> \u00a9 Kristin Lidell<br><strong>Thymeshift United<\/strong> \u00a9 Magnus Bergstr\u00f6m<br><strong>Thymeshift Elektronix<\/strong> \u00a9 Magnus Bergstr\u00f6m<br><strong>Johan Bj\u00f6rklund Dynamic Flavours<\/strong> \u00a9 Kristin Lidell<br><strong>MIRE III <\/strong>\u00a9 Elisa Caldana<\/p>\n\n\n\n<h2 class=\"wp-block-heading\"><\/h2>\n","protected":false},"excerpt":{"rendered":"<p>INTERVIEWS\/ARTICLES LIRA &#8211; January 2024. Interview about my project &#8221;Pj\u00e4xer\u00f6d 2.0&#8221;G\u00f6teborgsposten &#8211; November 2021. Interview about my way of handling the Covid-19 pandemic as an artist.LIRA &#8211; September 2020. Article about Thymeshift UnitedHallandsposten &#8211; April 2015. Interview about upcoming concerts in Falkenberg, Sweden. PHOTOS High resolution photos for press. Click the bandname for download.Johan Bj\u00f6rklund &hellip; <\/p>\n<p class=\"link-more\"><a href=\"https:\/\/www.johanbjorklund.se\/index.php\/press\/\" class=\"more-link\">Forts\u00e4tt l\u00e4sa<span class=\"screen-reader-text\"> &#8221;PRESS\/DOWNLOADS&#8221;<\/span><\/a><\/p>\n","protected":false},"author":1,"featured_media":0,"parent":0,"menu_order":0,"comment_status":"closed","ping_status":"closed","template":"","meta":{"footnotes":""},"_links":{"self":[{"href":"https:\/\/www.johanbjorklund.se\/index.php\/wp-json\/wp\/v2\/pages\/410"}],"collection":[{"href":"https:\/\/www.johanbjorklund.se\/index.php\/wp-json\/wp\/v2\/pages"}],"about":[{"href":"https:\/\/www.johanbjorklund.se\/index.php\/wp-json\/wp\/v2\/types\/page"}],"author":[{"embeddable":true,"href":"https:\/\/www.johanbjorklund.se\/index.php\/wp-json\/wp\/v2\/users\/1"}],"replies":[{"embeddable":true,"href":"https:\/\/www.johanbjorklund.se\/index.php\/wp-json\/wp\/v2\/comments?post=410"}],"version-history":[{"count":68,"href":"https:\/\/www.johanbjorklund.se\/index.php\/wp-json\/wp\/v2\/pages\/410\/revisions"}],"predecessor-version":[{"id":2584,"href":"https:\/\/www.johanbjorklund.se\/index.php\/wp-json\/wp\/v2\/pages\/410\/revisions\/2584"}],"wp:attachment":[{"href":"https:\/\/www.johanbjorklund.se\/index.php\/wp-json\/wp\/v2\/media?parent=410"}],"curies":[{"name":"wp","href":"https:\/\/api.w.org\/{rel}","templated":true}]}}