{"id":39,"date":"2012-09-24T09:40:26","date_gmt":"2012-09-24T07:40:26","guid":{"rendered":"http:\/\/www.johanbjorklund.se\/?page_id=39"},"modified":"2023-09-05T16:44:12","modified_gmt":"2023-09-05T14:44:12","slug":"disturbance","status":"publish","type":"page","link":"https:\/\/www.johanbjorklund.se\/index.php\/grupper\/disturbance\/","title":{"rendered":"JOHAN BJ\u00d6RKLUND SOLO\/DISTURBANCE"},"content":{"rendered":"\n<h2 class=\"wp-block-heading\">Johan Bj\u00f6rklund Solo<\/h2>\n\n\n\n<p>Pj\u00e4xer\u00f6d 2.0<br><br>Recording project which features Arve Henriksen &#8211; trp\/electronics, Thomas Gunillasson &#8211; guitars, Armand van Wijck &#8211; harmonica, Maria Palmqvist &#8211; voice, John L\u00f6nnmyr &#8211; keyboards, Thomas Markusson &#8211; bass, electronics.<br>Release 3 November 2023 on Eternal Darkness Records.<\/p>\n\n\n\n<h2 class=\"wp-block-heading\">Disturbance<\/h2>\n\n\n\n<p>Tribal Elektronix.<br><br>Ever since that day when the 11-year old version of me was exposed to my first live music experience of Bohus Bataljon (Bohusl\u00e4n Big Band nowadays) I have been obsessed with drums and rhythms. And I will continue to be until I take my last breath\u2026After 20+years work as a drummer\/leader\/composer in different bands and projects I have formed this outlet of artistic expression called Disturbance.<br>The first attempt started already in 2006 and resulted in the demo project\/record \u201dManipulated\u201d that never was released back then.<br>Until now I have to add, You can stream it online from 15 nov 2019 as a kind of teaser for my \u201dreal\u201d release.<\/p>\n\n\n\n<p>On the album \u201dTribal Elektronix\u201d (Release date 2 dec 2019) I turned myself inside out and used a big part of my instrument collection located in my studio \u201dEternal Darkness\u201d in Gothenburg. Inviting carefully selected friends has opened up new pathways both for them and myself. I am eternally grateful for their generous contributions to the music and I think you can hear the love and dedication put in from them. The project has had many artistic rules (set up by me) and one important has been that nobody got to prepare themselves, just create to what they heard in the headphones. To capture the fresh and really creative performances. And you know what? I think it turned out really good!<br>Please enjoy this sweet Disturbance called \u201dTribal Elektronix\u201d<br><\/p>\n\n\n\n<figure class=\"wp-block-embed is-type-rich is-provider-spotify wp-block-embed-spotify wp-embed-aspect-21-9 wp-has-aspect-ratio\"><div class=\"wp-block-embed__wrapper\">\n<iframe title=\"Spotify Embed: Tribal Elektronix\" style=\"border-radius: 12px\" width=\"100%\" height=\"352\" frameborder=\"0\" allowfullscreen allow=\"autoplay; clipboard-write; encrypted-media; fullscreen; picture-in-picture\" loading=\"lazy\" src=\"https:\/\/open.spotify.com\/embed\/album\/4qPsTl9TiqdqddEnF5MNSh?si=7L7HQj6sRmOCsf4IaJAmtQ&#038;utm_source=oembed\"><\/iframe>\n<\/div><\/figure>\n\n\n\n<figure class=\"wp-block-embed is-type-rich is-provider-spotify wp-block-embed-spotify wp-embed-aspect-21-9 wp-has-aspect-ratio\"><div class=\"wp-block-embed__wrapper\">\n<iframe title=\"Spotify Embed: Manipulated\" style=\"border-radius: 12px\" width=\"100%\" height=\"352\" frameborder=\"0\" allowfullscreen allow=\"autoplay; clipboard-write; encrypted-media; fullscreen; picture-in-picture\" loading=\"lazy\" src=\"https:\/\/open.spotify.com\/embed\/album\/7HBeWAKAqZOIxW7djtCJz9?si=DUNQEifnTUC_qXGDBxMpAQ&#038;utm_source=oembed\"><\/iframe>\n<\/div><\/figure>\n\n\n\n<p><iframe loading=\"lazy\" src=\"https:\/\/w.soundcloud.com\/player\/?url=http%3A%2F%2Fapi.soundcloud.com%2Fusers%2F7212934\" width=\"100%\" height=\"450\" frameborder=\"no\" scrolling=\"no\"><\/iframe><\/p>\n\n\n\n<h2 class=\"wp-block-heading\">L\u00e4nkar<\/h2>\n\n\n\n<p><a href=\"https:\/\/johanbjrklund.bandcamp.com\/\">Bandcamp<\/a><br><a href=\"https:\/\/www.facebook.com\/DisturbanceSwe\/\">Facebook<\/a><br><a href=\"https:\/\/open.spotify.com\/artist\/7hBPY64GMIzlSud9nKZaiI?si=y1KPW65cR9mtqTgexuIalg&amp;dl_branch=1\">Spotify\u00a0<\/a><br><\/p>\n\n\n\n<p><\/p>\n\n\n\n<p><\/p>\n\n\n\n<p><\/p>\n","protected":false},"excerpt":{"rendered":"<p>Johan Bj\u00f6rklund Solo Pj\u00e4xer\u00f6d 2.0 Recording project which features Arve Henriksen &#8211; trp\/electronics, Thomas Gunillasson &#8211; guitars, Armand van Wijck &#8211; harmonica, Maria Palmqvist &#8211; voice, John L\u00f6nnmyr &#8211; keyboards, Thomas Markusson &#8211; bass, electronics.Release 3 November 2023 on Eternal Darkness Records. Disturbance Tribal Elektronix. Ever since that day when the 11-year old version of &hellip; <\/p>\n<p class=\"link-more\"><a href=\"https:\/\/www.johanbjorklund.se\/index.php\/grupper\/disturbance\/\" class=\"more-link\">Forts\u00e4tt l\u00e4sa<span class=\"screen-reader-text\"> &#8221;JOHAN BJ\u00d6RKLUND SOLO\/DISTURBANCE&#8221;<\/span><\/a><\/p>\n","protected":false},"author":1,"featured_media":1378,"parent":62,"menu_order":0,"comment_status":"closed","ping_status":"closed","template":"","meta":{"footnotes":""},"_links":{"self":[{"href":"https:\/\/www.johanbjorklund.se\/index.php\/wp-json\/wp\/v2\/pages\/39"}],"collection":[{"href":"https:\/\/www.johanbjorklund.se\/index.php\/wp-json\/wp\/v2\/pages"}],"about":[{"href":"https:\/\/www.johanbjorklund.se\/index.php\/wp-json\/wp\/v2\/types\/page"}],"author":[{"embeddable":true,"href":"https:\/\/www.johanbjorklund.se\/index.php\/wp-json\/wp\/v2\/users\/1"}],"replies":[{"embeddable":true,"href":"https:\/\/www.johanbjorklund.se\/index.php\/wp-json\/wp\/v2\/comments?post=39"}],"version-history":[{"count":29,"href":"https:\/\/www.johanbjorklund.se\/index.php\/wp-json\/wp\/v2\/pages\/39\/revisions"}],"predecessor-version":[{"id":2200,"href":"https:\/\/www.johanbjorklund.se\/index.php\/wp-json\/wp\/v2\/pages\/39\/revisions\/2200"}],"up":[{"embeddable":true,"href":"https:\/\/www.johanbjorklund.se\/index.php\/wp-json\/wp\/v2\/pages\/62"}],"wp:featuredmedia":[{"embeddable":true,"href":"https:\/\/www.johanbjorklund.se\/index.php\/wp-json\/wp\/v2\/media\/1378"}],"wp:attachment":[{"href":"https:\/\/www.johanbjorklund.se\/index.php\/wp-json\/wp\/v2\/media?parent=39"}],"curies":[{"name":"wp","href":"https:\/\/api.w.org\/{rel}","templated":true}]}}