{"id":28,"date":"2012-09-24T09:27:06","date_gmt":"2012-09-24T07:27:06","guid":{"rendered":"http:\/\/www.johanbjorklund.se\/?page_id=28"},"modified":"2023-08-17T15:11:10","modified_gmt":"2023-08-17T13:11:10","slug":"mess","status":"publish","type":"page","link":"https:\/\/www.johanbjorklund.se\/index.php\/former-bands-projects\/mess\/","title":{"rendered":"MESS"},"content":{"rendered":"<p>Musiken fr\u00e5n Johan Bj\u00f6rklunds penna \u00e4r full av&nbsp;kontraster och sp\u00e4nner mellan h\u00e5rresande chock till&nbsp;mjukt smek och l\u00e4mnar ingen ober\u00f6rd.&nbsp;Bj\u00f6rklunds medmusiker \u00e4r nogrannt handplockade och&nbsp;tillh\u00f6r toppskiktet av G\u00f6teborgs unga, nyt\u00e4nkande och&nbsp;modiga improvisationsmusiker.<\/p>\n<p>Bandet bildades 1999 och har turnerat flitigt p\u00e5&nbsp;jazzklubbar, skolor och andra scener d\u00e4r gruppens musik r\u00f6nt&nbsp;stora framg\u00e5ngar och har framf\u00f6rallt n\u00e5tt ut&nbsp;till en annan publik \u00e4n den traditionella jazzpubliken.&nbsp;Men s\u00e5 sysslar inte Mess med s\u00e5 mycket traditionell<br \/>\njazzmusik heller f\u00f6r den delen\u2026<\/p>\n<p>Gruppen har hittills sl\u00e4ppt 3 CD-skivor: &#8221;I manegen&#8221; 2002,&nbsp;&#8221;St. Amblendfoll&#8221; 2005 och &#8221;OnWards&#8221; 2009.&nbsp;Johan Bj\u00f6rklund, som skriver all musik f\u00f6r bandet, har&nbsp;p\u00e5verkats och influerats av m\u00e5nga musikformer och&nbsp;filtrerat detta genom sina musikers personliga sound och&nbsp;fria inst\u00e4llning till musik.<\/p>\n<p>Det kan vara sv\u00e5rt att placera bandets musik i ett fack eller genre, men utg\u00e5ngspunkten \u00e4r ju en slags modern improvisationsmusik med ibland ganska strama tyglar, ibland vid\u00f6ppna spj\u00e4ll och total frihet. Det \u00e4r dessa kontraster som g\u00f6r det sp\u00e4nnande, vad det heter spelar mindre roll.&nbsp;Lyssna och best\u00e4m sj\u00e4lv vad du vill kalla det\u2026<\/p>\n<h2>Diskografi<\/h2>\n<ul>\n<li><a title=\"Mess \u2013 \u201dI manegen\u201d\" href=\"https:\/\/www.johanbjorklund.se\/wp\/index.php\/skivor\/mess-i-manegen\/\">I manegen<\/a>&nbsp;&#8211;&nbsp;AppCD 00245, Apparat, 2002<\/li>\n<li><a title=\"Mess \u2013 \u201dSt. Amblendfoll\u201d\" href=\"https:\/\/www.johanbjorklund.se\/wp\/index.php\/skivor\/mess-st-amblendfoll\/\">St. Amblendfoll<\/a>&nbsp;&#8211;&nbsp;IGCD123, Imogena Records, 2005<\/li>\n<li><a title=\"Mess \u2013 \u201dOnwards\u201d\" href=\"https:\/\/www.johanbjorklund.se\/wp\/index.php\/skivor\/mess-onwards\/\">Onwards<\/a>&nbsp;&#8211;&nbsp;IGCD158, Imogena Records, 2009<\/li>\n<\/ul>\n<h2>Musiker<\/h2>\n<p>Johan Bj\u00f6rklund&nbsp;&#8211; trummor, komposition<br \/>\nBandet genomg\u00e5r 2013 en omorganisation. Stay tuned!<\/p>\n<h2>Pressen om bandet<\/h2>\n<p>&#8221;\u00c5rets sm\u00e4ll mitt i plytet &#8211; tjoff! Of\u00f6rv\u00e4gen morgondagsmusik l\u00e4tt&nbsp;kryddade av elektronik. Svensk jazz \u00e4r internationellt den mest&nbsp;intressanta, s\u00e4gs det d\u00e5 och d\u00e5. H\u00e4r ett av bevisen.&#8221;<\/p>\n<p style=\"text-align: right;\">Knut Johansson &#8211; Helsingborgs Dagblad<\/p>\n<p>&#8221;Bj\u00f6rklunds musik har markant eget tonfall, undviker konventioner och&nbsp;klich\u00e9er, men hamnar aldrig i effekts\u00f6keri f\u00f6r originalitetens skull. Han&nbsp;nyttjar intelligent alla klangliga variationsm\u00f6jligheter bes\u00e4ttningen ger;<br \/>\nskuggor och dagrar, stillhet och stegringar avl\u00f6ser varann i st\u00e4ndig,&nbsp;omv\u00e4xlande och intressev\u00e4ckande, oavbrutet sammanh\u00e5llen&nbsp;kontrastrikedom. I hans musikaliska kaleidoskopbilder tycks historien och&nbsp;nuet fundera \u00f6ver framtiden om den reflektionen till\u00e5ts. Och i all sin<br \/>\nkomplexitet har musiken en \u00f6ppen famn mot lyssnarna, bjuder in till&nbsp;delaktighet i diskussionen&#8221;<\/p>\n<p style=\"text-align: right;\">Johnny Olsson &#8211; Nya Wermlandstidningen<\/p>\n<p>&#8221;En av l\u00e5tarna p\u00e5 Mess f\u00f6rsta album heter &#8221;Sp\u00e5r i gr\u00e4set&#8221;. Det kan bero&nbsp;p\u00e5 vinterkylans attack, men jag t\u00e4nker lika mycket p\u00e5 fotsp\u00e5r i sn\u00f6n.&nbsp;M\u00e4nniskor som g\u00e5r omkring i en stor stad med tjocka kl\u00e4der. Minnen fr\u00e5n&nbsp;sommaren. Sekvenser fr\u00e5n en svettig klubb. Yra fj\u00e4rilar. Lyrisk jazz som&nbsp;spretar, v\u00e4xlar mellan tempo och stilar, men som knyts ihop av&nbsp;sextettens drivna spel. Och inte minst, av trumslagaren Johan Bj\u00f6rklunds&nbsp;l\u00e5tar. Ny ung jazz med stora framtidsutsikter.&#8221;<\/p>\n<p style=\"text-align: right;\">PM J\u00f6nsson- G\u00f6teborgsposten<\/p>\n<p>&#8221;Beg\u00e5vat spretigt. ..Klangrika och njutbara arrangemang..&#8221;<\/p>\n<p style=\"text-align: right;\">Sven Boija-OJ<\/p>\n<p>&#8221;Det pratas ofta om exportfaktorn hos det svenska popundret.&nbsp;N\u00e4st i tur st\u00e5r den unga framv\u00e4xande jazzen.<br \/>\nG\u00f6teborgsbaserade Mess \u00e4r en ny men \u00f6verraskande bra bekantskap.&nbsp;F\u00f6r att inte s\u00e4ga v\u00e4ldigt bra. Trummisen Johan Bj\u00f6rklund har skrivit &nbsp;de tio l\u00e5tarna som f\u00e4rgas av potent jazz med stark poetisk ton, &nbsp;stundtals med smak av nordisk vistradition.&#8221;<\/p>\n<p style=\"text-align: right;\">Stefan Nilsson &#8211; Nerikes Allehanda<\/p>\n<p>&#8221;Musik och musiker f\u00f6r 2000-talet&#8221;<\/p>\n<p style=\"text-align: right;\">Lennart Wikstr\u00f6m &#8211; Bohusl\u00e4ningen<\/p>\n<p>&#8221;Sextetten Mess spelade l\u00e4ckra kompositioner av&nbsp;trumslagaren Johan Bj\u00f6rklund, med drag av en&nbsp;Monets katedralm\u00e5lningar i dimma och dis&#8221;<\/p>\n<p style=\"text-align: right;\">Rolf Haglund &#8211; Bor\u00e5s Tidning<\/p>\n<h2>L\u00e4nkar<\/h2>\n<p><a href=\"http:\/\/www.soundcloud.com\/johan-bjorklund-mess\" target=\"_blank\" rel=\"noopener noreferrer\">Soundcloud<\/a><br \/>\n<a href=\"https:\/\/www.facebook.com\/messgbg\"><img decoding=\"async\" loading=\"lazy\" class=\"alignleft size-full wp-image-700\" title=\"facebook_32\" src=\"https:\/\/www.johanbjorklund.se\/wp\/wp-content\/uploads\/2012\/11\/facebook_32.png\" alt=\"\" width=\"32\" height=\"32\"><\/a>&nbsp; Gilla Mess p\u00e5 Facebook!<\/p>\n","protected":false},"excerpt":{"rendered":"<p>Musiken fr\u00e5n Johan Bj\u00f6rklunds penna \u00e4r full av&nbsp;kontraster och sp\u00e4nner mellan h\u00e5rresande chock till&nbsp;mjukt smek och l\u00e4mnar ingen ober\u00f6rd.&nbsp;Bj\u00f6rklunds medmusiker \u00e4r nogrannt handplockade och&nbsp;tillh\u00f6r toppskiktet av G\u00f6teborgs unga, nyt\u00e4nkande och&nbsp;modiga improvisationsmusiker. Bandet bildades 1999 och har turnerat flitigt p\u00e5&nbsp;jazzklubbar, skolor och andra scener d\u00e4r gruppens musik r\u00f6nt&nbsp;stora framg\u00e5ngar och har framf\u00f6rallt n\u00e5tt ut&nbsp;till en annan &hellip; <\/p>\n<p class=\"link-more\"><a href=\"https:\/\/www.johanbjorklund.se\/index.php\/former-bands-projects\/mess\/\" class=\"more-link\">Forts\u00e4tt l\u00e4sa<span class=\"screen-reader-text\"> &#8221;MESS&#8221;<\/span><\/a><\/p>\n","protected":false},"author":1,"featured_media":299,"parent":1606,"menu_order":0,"comment_status":"closed","ping_status":"closed","template":"","meta":{"footnotes":""},"_links":{"self":[{"href":"https:\/\/www.johanbjorklund.se\/index.php\/wp-json\/wp\/v2\/pages\/28"}],"collection":[{"href":"https:\/\/www.johanbjorklund.se\/index.php\/wp-json\/wp\/v2\/pages"}],"about":[{"href":"https:\/\/www.johanbjorklund.se\/index.php\/wp-json\/wp\/v2\/types\/page"}],"author":[{"embeddable":true,"href":"https:\/\/www.johanbjorklund.se\/index.php\/wp-json\/wp\/v2\/users\/1"}],"replies":[{"embeddable":true,"href":"https:\/\/www.johanbjorklund.se\/index.php\/wp-json\/wp\/v2\/comments?post=28"}],"version-history":[{"count":48,"href":"https:\/\/www.johanbjorklund.se\/index.php\/wp-json\/wp\/v2\/pages\/28\/revisions"}],"predecessor-version":[{"id":1774,"href":"https:\/\/www.johanbjorklund.se\/index.php\/wp-json\/wp\/v2\/pages\/28\/revisions\/1774"}],"up":[{"embeddable":true,"href":"https:\/\/www.johanbjorklund.se\/index.php\/wp-json\/wp\/v2\/pages\/1606"}],"wp:featuredmedia":[{"embeddable":true,"href":"https:\/\/www.johanbjorklund.se\/index.php\/wp-json\/wp\/v2\/media\/299"}],"wp:attachment":[{"href":"https:\/\/www.johanbjorklund.se\/index.php\/wp-json\/wp\/v2\/media?parent=28"}],"curies":[{"name":"wp","href":"https:\/\/api.w.org\/{rel}","templated":true}]}}