{"id":2538,"date":"2024-08-15T14:50:07","date_gmt":"2024-08-15T12:50:07","guid":{"rendered":"https:\/\/www.johanbjorklund.se\/?page_id=2538"},"modified":"2024-08-15T16:28:56","modified_gmt":"2024-08-15T14:28:56","slug":"thymeshift-layers-of-in-between-2024","status":"publish","type":"page","link":"https:\/\/www.johanbjorklund.se\/index.php\/skivor\/thymeshift-layers-of-in-between-2024\/","title":{"rendered":"THYMESHIFT &#8211; &#8221;Layers Of In Between&#8221; 2024"},"content":{"rendered":"\n<figure class=\"wp-block-image size-large is-style-default\"><a href=\"https:\/\/www.johanbjorklund.se\/wp\/wp-content\/uploads\/2024\/08\/Thymeshift-Layers-of-in-Between-scaled.jpg\"><img decoding=\"async\" loading=\"lazy\" width=\"1024\" height=\"1024\" src=\"https:\/\/www.johanbjorklund.se\/wp\/wp-content\/uploads\/2024\/08\/Thymeshift-Layers-of-in-Between-1024x1024.jpg\" alt=\"\" class=\"wp-image-2539\" srcset=\"https:\/\/www.johanbjorklund.se\/wp\/wp-content\/uploads\/2024\/08\/Thymeshift-Layers-of-in-Between-1024x1024.jpg 1024w, https:\/\/www.johanbjorklund.se\/wp\/wp-content\/uploads\/2024\/08\/Thymeshift-Layers-of-in-Between-300x300.jpg 300w, https:\/\/www.johanbjorklund.se\/wp\/wp-content\/uploads\/2024\/08\/Thymeshift-Layers-of-in-Between-150x150.jpg 150w, https:\/\/www.johanbjorklund.se\/wp\/wp-content\/uploads\/2024\/08\/Thymeshift-Layers-of-in-Between-768x768.jpg 768w, https:\/\/www.johanbjorklund.se\/wp\/wp-content\/uploads\/2024\/08\/Thymeshift-Layers-of-in-Between-1536x1536.jpg 1536w, https:\/\/www.johanbjorklund.se\/wp\/wp-content\/uploads\/2024\/08\/Thymeshift-Layers-of-in-Between-2048x2048.jpg 2048w, https:\/\/www.johanbjorklund.se\/wp\/wp-content\/uploads\/2024\/08\/Thymeshift-Layers-of-in-Between-100x100.jpg 100w\" sizes=\"(max-width: 767px) 89vw, (max-width: 1000px) 54vw, (max-width: 1071px) 543px, 580px\" \/><\/a><\/figure>\n\n\n\n<p>Release date 6 September 2024.<br>Label: Red Round Records &#8211; RRRCD12<br><br>Recorded in February 2022 by Kristofer G\u00f6ransson at Kungsten Studios, Gothenburg, Sweden<br>Additional recordings and edits by Johan Bj\u00f6rklund at Studio Eternal Darkness, Gothenburg, Sweden<br>Additional guitar recording by Thomas Gunillasson at Studio Eager Liza, V\u00e4ster\u00e5s, Sweden<br>Additional keyboard recording by John L\u00f6nnmyr in Gothenburg, Sweden<br>Tracks 5, 7, 12, 14 recorded by Thomas Gunillasson at Studio Eager liza, V\u00e4ster\u00e5s, Sweden<br>Mixed in May\/June 2023 and in February 2024 by Kristofer G\u00f6ransson at Studio Zen, V\u00e4nersborg, Sweden<br>Mastered in May 2024 by Hans Olsson at Svenska Grammofonstudion, Gothenburg, Sweden<br>Cover design by Thomas Gunillasson<br>Cover photos by Thomas Gunillasson<br>Band photo by Kristin Lidell<\/p>\n\n\n\n<p>Thymeshift &#8211; Continuously exploring the borders of jazz\/rock\/electronica.<\/p>\n\n\n\n<p>Since the start in 2010, Swedish musicians Johan Bj\u00f6rklund (drums), Thomas Gunillasson (guitar) and Thomas Backman (saxophone) have been forming an expression of their own. As a trio, but also together with Icelandic guitarist Hilmar Jensson och Danish sound artist Katrine Amsler the group has created some powerful, responsive music, always with an adventurous feel. With Jensson, the group released \u201cBeyond Horizons\u201d in 2015 and in 2021 \u201cDark Lights\u201d was released with Amsler in the band. <br><br>Now, with keyboardist John L\u00f6nnmyr, the group steps into an electro-analog, beat based future with reminiscences of the past. &#8221;Layers of in Between&#8221; features fourteen tracks with strong ties to heavy, riff-based rock, drawing inspiration from early 70&#8217;s bands like Deep Purple and Black Sabbath. This raw style creates elaborate contrasts when combined with the band&#8217;s more melodic, lyrical, and electronically tinged material. Thymeshift leaves a mark with their massive heaviness, often intense and sometimes stripped-down improvisations, as well as intricate soundscapes. \u201dLayers of in Between\u201d is a modern, powerful production with clear historical retrospectives.<\/p>\n\n\n\n<h2 class=\"wp-block-heading\">MUSICIANS<\/h2>\n\n\n\n<p>Johan Bj\u00f6rklund &#8211; drums, percussion, keyboards, remix tracks 1 &amp; 10<br>John L\u00f6nnmyr &#8211; keyboards<br>Thomas Gunillasson &#8211; guitars, production on tracks 5, 7, 12, 14<br>Thomas Backman &#8211; saxophone, clarinet<\/p>\n","protected":false},"excerpt":{"rendered":"<p>Release date 6 September 2024.Label: Red Round Records &#8211; RRRCD12 Recorded in February 2022 by Kristofer G\u00f6ransson at Kungsten Studios, Gothenburg, SwedenAdditional recordings and edits by Johan Bj\u00f6rklund at Studio Eternal Darkness, Gothenburg, SwedenAdditional guitar recording by Thomas Gunillasson at Studio Eager Liza, V\u00e4ster\u00e5s, SwedenAdditional keyboard recording by John L\u00f6nnmyr in Gothenburg, SwedenTracks 5, 7, &hellip; <\/p>\n<p class=\"link-more\"><a href=\"https:\/\/www.johanbjorklund.se\/index.php\/skivor\/thymeshift-layers-of-in-between-2024\/\" class=\"more-link\">Forts\u00e4tt l\u00e4sa<span class=\"screen-reader-text\"> &#8221;THYMESHIFT &#8211; &#8221;Layers Of In Between&#8221; 2024&#8243;<\/span><\/a><\/p>\n","protected":false},"author":1,"featured_media":0,"parent":9,"menu_order":-8,"comment_status":"closed","ping_status":"closed","template":"","meta":{"footnotes":""},"_links":{"self":[{"href":"https:\/\/www.johanbjorklund.se\/index.php\/wp-json\/wp\/v2\/pages\/2538"}],"collection":[{"href":"https:\/\/www.johanbjorklund.se\/index.php\/wp-json\/wp\/v2\/pages"}],"about":[{"href":"https:\/\/www.johanbjorklund.se\/index.php\/wp-json\/wp\/v2\/types\/page"}],"author":[{"embeddable":true,"href":"https:\/\/www.johanbjorklund.se\/index.php\/wp-json\/wp\/v2\/users\/1"}],"replies":[{"embeddable":true,"href":"https:\/\/www.johanbjorklund.se\/index.php\/wp-json\/wp\/v2\/comments?post=2538"}],"version-history":[{"count":4,"href":"https:\/\/www.johanbjorklund.se\/index.php\/wp-json\/wp\/v2\/pages\/2538\/revisions"}],"predecessor-version":[{"id":2551,"href":"https:\/\/www.johanbjorklund.se\/index.php\/wp-json\/wp\/v2\/pages\/2538\/revisions\/2551"}],"up":[{"embeddable":true,"href":"https:\/\/www.johanbjorklund.se\/index.php\/wp-json\/wp\/v2\/pages\/9"}],"wp:attachment":[{"href":"https:\/\/www.johanbjorklund.se\/index.php\/wp-json\/wp\/v2\/media?parent=2538"}],"curies":[{"name":"wp","href":"https:\/\/api.w.org\/{rel}","templated":true}]}}