{"id":2318,"date":"2023-10-07T19:18:05","date_gmt":"2023-10-07T17:18:05","guid":{"rendered":"https:\/\/www.johanbjorklund.se\/?page_id=2318"},"modified":"2023-11-30T13:41:17","modified_gmt":"2023-11-30T12:41:17","slug":"eternal-darkness-records","status":"publish","type":"page","link":"https:\/\/www.johanbjorklund.se\/index.php\/eternal-darkness-records\/","title":{"rendered":"ETERNAL DARKNESS RECORDS"},"content":{"rendered":"\n<figure class=\"wp-block-image size-large is-style-default\"><a href=\"https:\/\/www.johanbjorklund.se\/wp\/wp-content\/uploads\/2023\/10\/Johan-Bjorklund-webBWold7051-1.jpg\"><img decoding=\"async\" loading=\"lazy\" width=\"1024\" height=\"683\" src=\"https:\/\/www.johanbjorklund.se\/wp\/wp-content\/uploads\/2023\/10\/Johan-Bjorklund-webBWold7051-1-1024x683.jpg\" alt=\"\" class=\"wp-image-2319\" srcset=\"https:\/\/www.johanbjorklund.se\/wp\/wp-content\/uploads\/2023\/10\/Johan-Bjorklund-webBWold7051-1-1024x683.jpg 1024w, https:\/\/www.johanbjorklund.se\/wp\/wp-content\/uploads\/2023\/10\/Johan-Bjorklund-webBWold7051-1-300x200.jpg 300w, https:\/\/www.johanbjorklund.se\/wp\/wp-content\/uploads\/2023\/10\/Johan-Bjorklund-webBWold7051-1-768x512.jpg 768w, https:\/\/www.johanbjorklund.se\/wp\/wp-content\/uploads\/2023\/10\/Johan-Bjorklund-webBWold7051-1-1536x1024.jpg 1536w, https:\/\/www.johanbjorklund.se\/wp\/wp-content\/uploads\/2023\/10\/Johan-Bjorklund-webBWold7051-1.jpg 1731w\" sizes=\"(max-width: 767px) 89vw, (max-width: 1000px) 54vw, (max-width: 1071px) 543px, 580px\" \/><\/a><\/figure>\n\n\n\n<p>ETERNAL DARKNESS RECORDS<br>Independent Record label founded and based in 2023, Gothenburg, Sweden. <br>The label will release the music of drummer\/composer Johan Bj\u00f6rklund.<br>First release <a href=\"https:\/\/www.johanbjorklund.se\/index.php\/skivor\/johan-bjorklund-pjaxerod-2-0-2023\/\">&#8221;Pj\u00e4xer\u00f6d 2.0&#8221;<\/a> EDR001 November 3, 2023.<\/p>\n","protected":false},"excerpt":{"rendered":"<p>ETERNAL DARKNESS RECORDSIndependent Record label founded and based in 2023, Gothenburg, Sweden. The label will release the music of drummer\/composer Johan Bj\u00f6rklund.First release &#8221;Pj\u00e4xer\u00f6d 2.0&#8221; EDR001 November 3, 2023.<\/p>\n","protected":false},"author":1,"featured_media":0,"parent":0,"menu_order":0,"comment_status":"closed","ping_status":"closed","template":"","meta":{"footnotes":""},"_links":{"self":[{"href":"https:\/\/www.johanbjorklund.se\/index.php\/wp-json\/wp\/v2\/pages\/2318"}],"collection":[{"href":"https:\/\/www.johanbjorklund.se\/index.php\/wp-json\/wp\/v2\/pages"}],"about":[{"href":"https:\/\/www.johanbjorklund.se\/index.php\/wp-json\/wp\/v2\/types\/page"}],"author":[{"embeddable":true,"href":"https:\/\/www.johanbjorklund.se\/index.php\/wp-json\/wp\/v2\/users\/1"}],"replies":[{"embeddable":true,"href":"https:\/\/www.johanbjorklund.se\/index.php\/wp-json\/wp\/v2\/comments?post=2318"}],"version-history":[{"count":3,"href":"https:\/\/www.johanbjorklund.se\/index.php\/wp-json\/wp\/v2\/pages\/2318\/revisions"}],"predecessor-version":[{"id":2346,"href":"https:\/\/www.johanbjorklund.se\/index.php\/wp-json\/wp\/v2\/pages\/2318\/revisions\/2346"}],"wp:attachment":[{"href":"https:\/\/www.johanbjorklund.se\/index.php\/wp-json\/wp\/v2\/media?parent=2318"}],"curies":[{"name":"wp","href":"https:\/\/api.w.org\/{rel}","templated":true}]}}