{"id":2243,"date":"2023-10-01T21:51:24","date_gmt":"2023-10-01T19:51:24","guid":{"rendered":"http:\/\/www.johanbjorklund.se\/?page_id=2243"},"modified":"2023-10-15T18:22:09","modified_gmt":"2023-10-15T16:22:09","slug":"johan-bjorklund-pjaxerod-2-0","status":"publish","type":"page","link":"https:\/\/www.johanbjorklund.se\/index.php\/johan-bjorklund-pjaxerod-2-0\/","title":{"rendered":"JOHAN BJ\u00d6RKLUND &#8211; &#8221;PJ\u00c4XER\u00d6D 2.0&#8221; PROMO"},"content":{"rendered":"\n<h3 class=\"wp-block-heading\">JOHAN BJ\u00d6RKLUND &#8211; &#8221;PJ\u00c4XER\u00d6D 2.0&#8221; PROMO<\/h3>\n\n\n\n<figure class=\"wp-block-image size-medium is-style-default\"><a href=\"https:\/\/www.johanbjorklund.se\/wp\/wp-content\/uploads\/2023\/09\/PJAXEROD-2.0-cover-web-scaled.jpg\"><img decoding=\"async\" loading=\"lazy\" width=\"300\" height=\"300\" src=\"https:\/\/www.johanbjorklund.se\/wp\/wp-content\/uploads\/2023\/09\/PJAXEROD-2.0-cover-web-300x300.jpg\" alt=\"\" class=\"wp-image-2237\" srcset=\"https:\/\/www.johanbjorklund.se\/wp\/wp-content\/uploads\/2023\/09\/PJAXEROD-2.0-cover-web-300x300.jpg 300w, https:\/\/www.johanbjorklund.se\/wp\/wp-content\/uploads\/2023\/09\/PJAXEROD-2.0-cover-web-1024x1024.jpg 1024w, https:\/\/www.johanbjorklund.se\/wp\/wp-content\/uploads\/2023\/09\/PJAXEROD-2.0-cover-web-150x150.jpg 150w, https:\/\/www.johanbjorklund.se\/wp\/wp-content\/uploads\/2023\/09\/PJAXEROD-2.0-cover-web-768x768.jpg 768w, https:\/\/www.johanbjorklund.se\/wp\/wp-content\/uploads\/2023\/09\/PJAXEROD-2.0-cover-web-1536x1536.jpg 1536w, https:\/\/www.johanbjorklund.se\/wp\/wp-content\/uploads\/2023\/09\/PJAXEROD-2.0-cover-web-2048x2048.jpg 2048w, https:\/\/www.johanbjorklund.se\/wp\/wp-content\/uploads\/2023\/09\/PJAXEROD-2.0-cover-web-100x100.jpg 100w\" sizes=\"(max-width: 300px) 100vw, 300px\" \/><\/a><\/figure>\n\n\n\n<div class=\"wp-block-file\"><a id=\"wp-block-file--media-1200b16a-05ad-4032-a0ed-663eb3b34b7a\" href=\"https:\/\/www.johanbjorklund.se\/wp\/wp-content\/uploads\/2023\/10\/Pjaxerod20pressswe.pdf\">&#8211;<\/a><a href=\"https:\/\/www.johanbjorklund.se\/wp\/wp-content\/uploads\/2023\/10\/Pjaxerod20pressswe.pdf\" class=\"wp-block-file__button wp-element-button\" download aria-describedby=\"wp-block-file--media-1200b16a-05ad-4032-a0ed-663eb3b34b7a\"><strong>PJ\u00c4XER\u00d6D2.0 Pressrelease Swe<\/strong><\/a><\/div>\n\n\n\n<div class=\"wp-block-file\"><a id=\"wp-block-file--media-3e07c265-b5d2-455f-9adc-731dd5ffc0ff\" href=\"https:\/\/www.johanbjorklund.se\/wp\/wp-content\/uploads\/2023\/10\/Pjaxerod20presseng.pdf\">&#8211;<\/a><a href=\"https:\/\/www.johanbjorklund.se\/wp\/wp-content\/uploads\/2023\/10\/Pjaxerod20presseng.pdf\" class=\"wp-block-file__button wp-element-button\" download aria-describedby=\"wp-block-file--media-3e07c265-b5d2-455f-9adc-731dd5ffc0ff\"><strong>PJ\u00c4XER\u00d6D 2.0 Pressrelease Eng<\/strong><\/a><\/div>\n\n\n\n<div class=\"wp-block-file\"><a id=\"wp-block-file--media-aee3d128-f58c-4764-b228-a675823dd5dd\" href=\"https:\/\/www.johanbjorklund.se\/wp\/wp-content\/uploads\/2023\/10\/PJAXEROD-2.0-Booklet-Download.pdf\">&#8211;<\/a><a href=\"https:\/\/www.johanbjorklund.se\/wp\/wp-content\/uploads\/2023\/10\/PJAXEROD-2.0-Booklet-Download.pdf\" class=\"wp-block-file__button wp-element-button\" download aria-describedby=\"wp-block-file--media-aee3d128-f58c-4764-b228-a675823dd5dd\"><strong>PJ\u00c4XER\u00d6D-2.0-Full Booklet<\/strong> Eng<\/a><\/div>\n\n\n\n<div class=\"wp-block-file\"><a id=\"wp-block-file--media-34b09738-3204-4b8c-bedd-70bfc995e7db\" href=\"https:\/\/www.johanbjorklund.se\/wp\/wp-content\/uploads\/2023\/10\/PJAXEROD-COVER.zip\">&#8211;<\/a><a href=\"https:\/\/www.johanbjorklund.se\/wp\/wp-content\/uploads\/2023\/10\/PJAXEROD-COVER.zip\" class=\"wp-block-file__button wp-element-button\" download aria-describedby=\"wp-block-file--media-34b09738-3204-4b8c-bedd-70bfc995e7db\">PJ\u00c4XER\u00d6D 2.0 Cover<\/a><\/div>\n\n\n\n<div class=\"wp-block-file\"><a id=\"wp-block-file--media-38218960-6650-40d8-bc8b-b66f65901a62\" href=\"https:\/\/www.johanbjorklund.se\/wp\/wp-content\/uploads\/2023\/10\/PJAXEROD-2.0-MUSICIANS.zip\">&#8211;<\/a><a href=\"https:\/\/www.johanbjorklund.se\/wp\/wp-content\/uploads\/2023\/10\/PJAXEROD-2.0-MUSICIANS.zip\" class=\"wp-block-file__button wp-element-button\" download aria-describedby=\"wp-block-file--media-38218960-6650-40d8-bc8b-b66f65901a62\">PJ\u00c4XER\u00d6D 2.0 Photo Musicians<\/a><\/div>\n\n\n\n<p><br>Eternal Darkness Records &#8211; EDR001<br>Pre-listen and material for press and others invited. Please don\u00b4t share this link. <br>Official release November 3, 2023. <\/p>\n\n\n\n<h3 class=\"wp-block-heading\">MUSICIANS<\/h3>\n\n\n\n<p>Johan Bj\u00f6rklund &#8211; drums, electronics, nord drum, synth, rhodes, grand piano, electric guitar, electric bass, objects etc<br>Arve Henriksen &#8211; trumpet, voice, electronics<br>Thomas Markusson &#8211; double bass, electronics<br>Armand van Wijck &#8211; chromatic harmonica<br>Maria Palmqvist &#8211; voice<br>John L\u00f6nnmyr &#8211; synth, organ<br>Thomas Gunillasson &#8211; electric guitar<\/p>\n\n\n\n<h3 class=\"wp-block-heading\">MUSIC<\/h3>\n\n\n\n<p>Dark Dreams Intro<\/p>\n\n\n\n<figure class=\"wp-block-audio\"><audio controls src=\"https:\/\/www.johanbjorklund.se\/wp\/wp-content\/uploads\/2023\/10\/01-DARK-DREAMS-INTRO.mp3\"><\/audio><\/figure>\n\n\n\n<p>Nuclear Highlands<\/p>\n\n\n\n<figure class=\"wp-block-audio\"><audio controls src=\"https:\/\/www.johanbjorklund.se\/wp\/wp-content\/uploads\/2023\/10\/02-NUCLEAR-HIGHLANDS.mp3\"><\/audio><\/figure>\n\n\n\n<p>The End Of The Road<\/p>\n\n\n\n<figure class=\"wp-block-audio\"><audio controls src=\"https:\/\/www.johanbjorklund.se\/wp\/wp-content\/uploads\/2023\/10\/03-THE-END-OF-THE-ROAD.mp3\"><\/audio><\/figure>\n\n\n\n<p>Hunting Kantorn Part I<\/p>\n\n\n\n<figure class=\"wp-block-audio\"><audio controls src=\"https:\/\/www.johanbjorklund.se\/wp\/wp-content\/uploads\/2023\/10\/04-HUNTING-KANTORN-PART-I.mp3\"><\/audio><\/figure>\n\n\n\n<p>Frozen<\/p>\n\n\n\n<figure class=\"wp-block-audio\"><audio controls src=\"https:\/\/www.johanbjorklund.se\/wp\/wp-content\/uploads\/2023\/10\/05-FROZEN.mp3\"><\/audio><\/figure>\n\n\n\n<p>Trapped Under Water<\/p>\n\n\n\n<figure class=\"wp-block-audio\"><audio controls src=\"https:\/\/www.johanbjorklund.se\/wp\/wp-content\/uploads\/2023\/10\/06-TRAPPED-UNDER-WATER.mp3\"><\/audio><\/figure>\n\n\n\n<p>Enter The White Light<\/p>\n\n\n\n<figure class=\"wp-block-audio\"><audio controls src=\"https:\/\/www.johanbjorklund.se\/wp\/wp-content\/uploads\/2023\/10\/07-ENTER-THE-WHITE-LIGHT.mp3\"><\/audio><\/figure>\n\n\n\n<p>Scratching Right Back<\/p>\n\n\n\n<figure class=\"wp-block-audio\"><audio controls src=\"https:\/\/www.johanbjorklund.se\/wp\/wp-content\/uploads\/2023\/10\/08-SCRATCHING-RIGHT-BACK.mp3\"><\/audio><\/figure>\n\n\n\n<p>M\u00e5nstj\u00e4rn<\/p>\n\n\n\n<figure class=\"wp-block-audio\"><audio controls src=\"https:\/\/www.johanbjorklund.se\/wp\/wp-content\/uploads\/2023\/10\/09-MANSTJARN.mp3\"><\/audio><\/figure>\n\n\n\n<p>Hunting Kantorn Part II<\/p>\n\n\n\n<figure class=\"wp-block-audio\"><audio controls src=\"https:\/\/www.johanbjorklund.se\/wp\/wp-content\/uploads\/2023\/10\/10-HUNTING-KANTORN-PART-II.mp3\"><\/audio><\/figure>\n\n\n\n<p>Ghosts of Pj\u00e4xer\u00f6d<\/p>\n\n\n\n<figure class=\"wp-block-audio\"><audio controls src=\"https:\/\/www.johanbjorklund.se\/wp\/wp-content\/uploads\/2023\/10\/11-GHOSTS-OF-PJAXEROD.mp3\"><\/audio><\/figure>\n\n\n\n<p>Slow Vehicles<\/p>\n\n\n\n<figure class=\"wp-block-audio\"><audio controls src=\"https:\/\/www.johanbjorklund.se\/wp\/wp-content\/uploads\/2023\/10\/12-SLOW-VEHICLES.mp3\"><\/audio><\/figure>\n\n\n\n<p>Go Back To The Shadow<\/p>\n\n\n\n<figure class=\"wp-block-audio\"><audio controls src=\"https:\/\/www.johanbjorklund.se\/wp\/wp-content\/uploads\/2023\/10\/13-GO-BACK-INTO-THE-SHADOW.mp3\"><\/audio><\/figure>\n\n\n\n<p>Trigging Hedekas &#8211; Who Are You?<\/p>\n\n\n\n<figure class=\"wp-block-audio\"><audio controls src=\"https:\/\/www.johanbjorklund.se\/wp\/wp-content\/uploads\/2023\/10\/14-TRIGGING-HEDEKAS-WHO-ARE-YOU.mp3\"><\/audio><\/figure>\n\n\n\n<p>Dark Dreams Outro<\/p>\n\n\n\n<figure class=\"wp-block-audio\"><audio controls src=\"https:\/\/www.johanbjorklund.se\/wp\/wp-content\/uploads\/2023\/10\/15-DARK-DREAMS-OUTRO.mp3\"><\/audio><\/figure>\n\n\n\n<figure class=\"wp-block-image size-large is-style-default\"><a href=\"https:\/\/www.johanbjorklund.se\/wp\/wp-content\/uploads\/2023\/10\/DSC07051-2.jpg\"><img decoding=\"async\" loading=\"lazy\" width=\"1024\" height=\"683\" src=\"https:\/\/www.johanbjorklund.se\/wp\/wp-content\/uploads\/2023\/10\/DSC07051-2-1024x683.jpg\" alt=\"\" class=\"wp-image-2311\" srcset=\"https:\/\/www.johanbjorklund.se\/wp\/wp-content\/uploads\/2023\/10\/DSC07051-2-1024x683.jpg 1024w, https:\/\/www.johanbjorklund.se\/wp\/wp-content\/uploads\/2023\/10\/DSC07051-2-300x200.jpg 300w, https:\/\/www.johanbjorklund.se\/wp\/wp-content\/uploads\/2023\/10\/DSC07051-2-768x512.jpg 768w, https:\/\/www.johanbjorklund.se\/wp\/wp-content\/uploads\/2023\/10\/DSC07051-2-1536x1024.jpg 1536w, https:\/\/www.johanbjorklund.se\/wp\/wp-content\/uploads\/2023\/10\/DSC07051-2.jpg 1731w\" sizes=\"(max-width: 767px) 89vw, (max-width: 1000px) 54vw, (max-width: 1071px) 543px, 580px\" \/><\/a><\/figure>\n\n\n\n<h3 class=\"wp-block-heading\">CREDITS<\/h3>\n\n\n\n<p>Recorded mainly 2021-2023 at Studio Eternal Darkness, Gothenburg, Sweden by Johan Bj\u00f6rklund.&nbsp;<br>Grand piano on \u201dGhosts of Pj\u00e4xer\u00f6d\u201d recorded 2022 at V\u00e4nersborgs Museum, Sweden by Johan Bj\u00f6rklund.&nbsp;<br>Additional field recordings 2021 at HSM, Gothenburg, Sweden by Arve Henriksen.&nbsp;<br>Additional individual recordings by Arve Henriksen, Thomas Markusson, John L\u00f6nnmyr and Thomas Gunillasson 2021-2023.&nbsp;<br>Mixed at Studio Zen, Gothenburg and V\u00e4nersborg, Sweden by Kristofer G\u00f6ransson with assistance of Johan Bj\u00f6rklund.&nbsp;<br>Produced by Johan Bj\u00f6rklund.&nbsp;<br>Mastered at Studio Zen, V\u00e4nersborg, Sweden by Kristofer G\u00f6ransson.&nbsp;<br>Photos of trees and landscapes by Johan Bj\u00f6rklund.&nbsp;<br>Photo of Johan by Therese Kjellstorp.&nbsp;<br>Photo edits by Therese Kjellstorp.&nbsp;<br>Cover and booklet by Thomas Gunillasson.&nbsp;<br><br>With support from Swedish Arts Council.<\/p>\n","protected":false},"excerpt":{"rendered":"<p>JOHAN BJ\u00d6RKLUND &#8211; &#8221;PJ\u00c4XER\u00d6D 2.0&#8221; PROMO Eternal Darkness Records &#8211; EDR001Pre-listen and material for press and others invited. Please don\u00b4t share this link. Official release November 3, 2023. MUSICIANS Johan Bj\u00f6rklund &#8211; drums, electronics, nord drum, synth, rhodes, grand piano, electric guitar, electric bass, objects etcArve Henriksen &#8211; trumpet, voice, electronicsThomas Markusson &#8211; double bass, &hellip; <\/p>\n<p class=\"link-more\"><a href=\"https:\/\/www.johanbjorklund.se\/index.php\/johan-bjorklund-pjaxerod-2-0\/\" class=\"more-link\">Forts\u00e4tt l\u00e4sa<span class=\"screen-reader-text\"> &#8221;JOHAN BJ\u00d6RKLUND &#8211; &#8221;PJ\u00c4XER\u00d6D 2.0&#8221; PROMO&#8221;<\/span><\/a><\/p>\n","protected":false},"author":1,"featured_media":0,"parent":0,"menu_order":0,"comment_status":"closed","ping_status":"closed","template":"","meta":{"footnotes":""},"_links":{"self":[{"href":"https:\/\/www.johanbjorklund.se\/index.php\/wp-json\/wp\/v2\/pages\/2243"}],"collection":[{"href":"https:\/\/www.johanbjorklund.se\/index.php\/wp-json\/wp\/v2\/pages"}],"about":[{"href":"https:\/\/www.johanbjorklund.se\/index.php\/wp-json\/wp\/v2\/types\/page"}],"author":[{"embeddable":true,"href":"https:\/\/www.johanbjorklund.se\/index.php\/wp-json\/wp\/v2\/users\/1"}],"replies":[{"embeddable":true,"href":"https:\/\/www.johanbjorklund.se\/index.php\/wp-json\/wp\/v2\/comments?post=2243"}],"version-history":[{"count":26,"href":"https:\/\/www.johanbjorklund.se\/index.php\/wp-json\/wp\/v2\/pages\/2243\/revisions"}],"predecessor-version":[{"id":2328,"href":"https:\/\/www.johanbjorklund.se\/index.php\/wp-json\/wp\/v2\/pages\/2243\/revisions\/2328"}],"wp:attachment":[{"href":"https:\/\/www.johanbjorklund.se\/index.php\/wp-json\/wp\/v2\/media?parent=2243"}],"curies":[{"name":"wp","href":"https:\/\/api.w.org\/{rel}","templated":true}]}}