{"id":2228,"date":"2023-11-05T23:12:56","date_gmt":"2023-11-05T22:12:56","guid":{"rendered":"http:\/\/www.johanbjorklund.se\/?page_id=2228"},"modified":"2024-08-15T14:43:29","modified_gmt":"2024-08-15T12:43:29","slug":"john-lonnmyr-aftonland-2023","status":"publish","type":"page","link":"https:\/\/www.johanbjorklund.se\/index.php\/skivor\/john-lonnmyr-aftonland-2023\/","title":{"rendered":"John L\u00f6nnmyr &#8211; &#8221;Aftonland&#8221; 2023"},"content":{"rendered":"\n<figure class=\"wp-block-image size-large is-style-default\"><a href=\"https:\/\/www.johanbjorklund.se\/wp\/wp-content\/uploads\/2023\/09\/Aftonland_web-scaled.jpg\"><img decoding=\"async\" loading=\"lazy\" width=\"1024\" height=\"1024\" src=\"https:\/\/www.johanbjorklund.se\/wp\/wp-content\/uploads\/2023\/09\/Aftonland_web-1024x1024.jpg\" alt=\"\" class=\"wp-image-2229\" srcset=\"https:\/\/www.johanbjorklund.se\/wp\/wp-content\/uploads\/2023\/09\/Aftonland_web-1024x1024.jpg 1024w, https:\/\/www.johanbjorklund.se\/wp\/wp-content\/uploads\/2023\/09\/Aftonland_web-300x300.jpg 300w, https:\/\/www.johanbjorklund.se\/wp\/wp-content\/uploads\/2023\/09\/Aftonland_web-150x150.jpg 150w, https:\/\/www.johanbjorklund.se\/wp\/wp-content\/uploads\/2023\/09\/Aftonland_web-768x768.jpg 768w, https:\/\/www.johanbjorklund.se\/wp\/wp-content\/uploads\/2023\/09\/Aftonland_web-1536x1536.jpg 1536w, https:\/\/www.johanbjorklund.se\/wp\/wp-content\/uploads\/2023\/09\/Aftonland_web-2048x2048.jpg 2048w, https:\/\/www.johanbjorklund.se\/wp\/wp-content\/uploads\/2023\/09\/Aftonland_web-100x100.jpg 100w\" sizes=\"(max-width: 767px) 89vw, (max-width: 1000px) 54vw, (max-width: 1071px) 543px, 580px\" \/><\/a><\/figure>\n\n\n\n<figure class=\"wp-block-embed is-type-rich is-provider-spotify wp-block-embed-spotify wp-embed-aspect-21-9 wp-has-aspect-ratio\"><div class=\"wp-block-embed__wrapper\">\n<iframe title=\"Spotify Embed: Aftonland\" style=\"border-radius: 12px\" width=\"100%\" height=\"352\" frameborder=\"0\" allowfullscreen allow=\"autoplay; clipboard-write; encrypted-media; fullscreen; picture-in-picture\" loading=\"lazy\" src=\"https:\/\/open.spotify.com\/embed\/album\/2ODkNb2B7Zbl3mU1eWOt5P?si=8uB3G5TVQ1uPsIkujJ8XsA&#038;utm_source=oembed\"><\/iframe>\n<\/div><\/figure>\n\n\n\n<figure class=\"wp-block-embed is-type-video is-provider-youtube wp-block-embed-youtube wp-embed-aspect-16-9 wp-has-aspect-ratio\"><div class=\"wp-block-embed__wrapper\">\n<iframe loading=\"lazy\" title=\"Ekipaget\" width=\"525\" height=\"295\" src=\"https:\/\/www.youtube.com\/embed\/PuA8ysAOlbs?feature=oembed\" frameborder=\"0\" allow=\"accelerometer; autoplay; clipboard-write; encrypted-media; gyroscope; picture-in-picture; web-share\" referrerpolicy=\"strict-origin-when-cross-origin\" allowfullscreen><\/iframe>\n<\/div><\/figure>\n\n\n\n<p>Release date 3 November  2023 &#8211; Red Round Records<br>Recorded at Red Round Studio, Studio Katakomb, Smell the Glove recordings and Eternal Darkness<br>Composed, mixed and produced by John L\u00f6nnmyr<br>Mastered by Hans Olsson at Svenska Grammofonstudion<br>Cover painting by David Palmqvist Photo by Kristin Lidell<br>Dedicated to the memory of Stefan Renstr\u00f6m. Bandleader, mentor and friend.<br><br>The instrumental album \u201dAftonland\u201d is a deep dive into progressive rock, channeling the 70s, with inspiration from bands like King Crimson and Jethro Tull, and a modern Nordic twist reminiscent of Opeth and Anekdoten.<\/p>\n\n\n\n<p>John has played with jazz and free improvising groups like Monochromatics and Thymeshift.<br>John is also the Hammond organ player for his blues trio Aunt Nancy and psych-rockers Divers. Since 2019, John has been a member of The Night Flight Orchestra.<br>John released his first solo album, \u201dRistor,\u201d in 2020, which he entirely created with a modular synth.<br>\u201dAfter fixing my old turntable, I gained access to my LP records from my late teenage years. I revisited a lot of progressive rock and expanded my collection with both newer releases and old masterpieces. At the same time, songs started coming to me and writing became easy and enjoyable. I arranged the songs with many keyboards in mind, such as analog synths, Hammond organ, Fender Rhodes, and Mellotron &#8211; instruments that I both love to listen to and handle.<\/p>\n\n\n\n<p>With \u2019Aftonland&#8217;, I want to put my own artistry on the map.<br>Beautiful melodies and expressive musicianship. And of course a lot of improvisation!\u201d&nbsp;<br><a href=\"https:\/\/johnlonnmyr.com\/\">johnlonnmyr.com<\/a><\/p>\n\n\n\n<h2 class=\"wp-block-heading\">MUSICIANS<\/h2>\n\n\n\n<p>John L\u00f6nnmyr: rhodes, organ, mellotron, synthesizers, bass, guitar, percussion<br>Matias Jarlhed: drums <br>Johan Bj\u00f6rklund: drums <br>Pontus Torstensson: drums <br>Anders Brisman: bass <br>Elof Hanson Svensson: guitar <br>Thomas Rundstr\u00f6m: guitar <br>Kristin Lidell: trumpet <br>Maria Palmqvist: voice <br>Per Laang: saxophone<\/p>\n\n\n\n<h2 class=\"wp-block-heading\">BUY<\/h2>\n\n\n\n<p><a href=\"https:\/\/johnlonnmyr.bandcamp.com\/album\/ristor\">Bandcamp<\/a><br><a href=\"https:\/\/music.apple.com\/us\/album\/aftonland\/1704088305\">Apple Music<\/a><br><\/p>\n","protected":false},"excerpt":{"rendered":"<p>Release date 3 November 2023 &#8211; Red Round RecordsRecorded at Red Round Studio, Studio Katakomb, Smell the Glove recordings and Eternal DarknessComposed, mixed and produced by John L\u00f6nnmyrMastered by Hans Olsson at Svenska GrammofonstudionCover painting by David Palmqvist Photo by Kristin LidellDedicated to the memory of Stefan Renstr\u00f6m. Bandleader, mentor and friend. The instrumental album &hellip; <\/p>\n<p class=\"link-more\"><a href=\"https:\/\/www.johanbjorklund.se\/index.php\/skivor\/john-lonnmyr-aftonland-2023\/\" class=\"more-link\">Forts\u00e4tt l\u00e4sa<span class=\"screen-reader-text\"> &#8221;John L\u00f6nnmyr &#8211; &#8221;Aftonland&#8221; 2023&#8243;<\/span><\/a><\/p>\n","protected":false},"author":1,"featured_media":0,"parent":9,"menu_order":-4,"comment_status":"closed","ping_status":"closed","template":"","meta":{"footnotes":""},"_links":{"self":[{"href":"https:\/\/www.johanbjorklund.se\/index.php\/wp-json\/wp\/v2\/pages\/2228"}],"collection":[{"href":"https:\/\/www.johanbjorklund.se\/index.php\/wp-json\/wp\/v2\/pages"}],"about":[{"href":"https:\/\/www.johanbjorklund.se\/index.php\/wp-json\/wp\/v2\/types\/page"}],"author":[{"embeddable":true,"href":"https:\/\/www.johanbjorklund.se\/index.php\/wp-json\/wp\/v2\/users\/1"}],"replies":[{"embeddable":true,"href":"https:\/\/www.johanbjorklund.se\/index.php\/wp-json\/wp\/v2\/comments?post=2228"}],"version-history":[{"count":11,"href":"https:\/\/www.johanbjorklund.se\/index.php\/wp-json\/wp\/v2\/pages\/2228\/revisions"}],"predecessor-version":[{"id":2548,"href":"https:\/\/www.johanbjorklund.se\/index.php\/wp-json\/wp\/v2\/pages\/2228\/revisions\/2548"}],"up":[{"embeddable":true,"href":"https:\/\/www.johanbjorklund.se\/index.php\/wp-json\/wp\/v2\/pages\/9"}],"wp:attachment":[{"href":"https:\/\/www.johanbjorklund.se\/index.php\/wp-json\/wp\/v2\/media?parent=2228"}],"curies":[{"name":"wp","href":"https:\/\/api.w.org\/{rel}","templated":true}]}}