{"id":1970,"date":"2022-07-19T00:19:13","date_gmt":"2022-07-18T22:19:13","guid":{"rendered":"http:\/\/www.johanbjorklund.se\/?page_id=1970"},"modified":"2023-09-08T10:14:29","modified_gmt":"2023-09-08T08:14:29","slug":"pjaxerod-2-0","status":"publish","type":"page","link":"https:\/\/www.johanbjorklund.se\/index.php\/projects\/pjaxerod-2-0\/","title":{"rendered":"PJ\u00c4XER\u00d6D 2.0 &#8211; 2023"},"content":{"rendered":"\n<p>Embracing and finding inspiration\/irritation in my youth and background on the Swedish countryside is the source for creating this music.<\/p>\n\n\n\n<p>Ever since starting my journey in music as a kid this has been an integral part in everything I have done,&nbsp;the fact that I grew up in a certain, really special&nbsp;place in Sweden. The cultural, social and geographical background is there whether you want it or not. These conditions forms you in certain ways, for good and for something to explore, challenge and be challenged by.<\/p>\n\n\n\n<p>And the nature! Such a beautiful place that I see with totally new eyes now as an older and eventually wiser person.<\/p>\n\n\n\n<p>An old word for nomad\/beggar in Swedish is Piekker and the farm were I grew up from 5 years old, is called Pj\u00e4xer\u00f6d (in really old days &#8221;Piegs Rudi&#8221;, the beggars place), close to the village of Hedekas in North East&nbsp;Bohusl\u00e4n, Sweden.<\/p>\n\n\n\n<p>I am no beggar but definitely a curious and adventurous nomad.<\/p>\n\n\n\n<p>With support from Musikverket Sweden, this project took place in Hedekas and V\u00e4ster\u00e5s, Sweden in April 2023. <br>26-28 April &#8211; Open rehearsals, school concert and workshops in Hedekas Bygdeg\u00e5rd.<br>29 April &#8211; Nya Perspektiv, V\u00e4ster\u00e5s.<br><br>Musicians:<br>Adrian Barstad Andresen (NO) &#8211; trumpet, electronics<br>Maria Palmqvist (SE) &#8211; voice\/percussion<br>Armand van Wijck (NL) &#8211; chromatic harmonica\/percussion<br>Thomas Markusson (SE) &#8211; bass, electronics<br>John L\u00f6nnmyr (SE) &#8211; keyboards<br>Johan Bj\u00f6rklund (SE) &#8211; drums, electronics<br><br>In november 2023 the studio version of this music will be released on my new label Eternal Darkness Records.<br><br>Musicians:<br>Johan Bj\u00f6rklund (SE) &#8211; drums, electronics, nord drum, synth, rhodes, grand piano, electric guitar, electric bass, objects etc<br>Arve Henriksen (NO) &#8211; trumpet, voice, electronics<br>Thomas Markusson (SE) &#8211; double bass, electronics<br>Armand van Wijck (NL) &#8211; chromatic harmonica<br>Maria Palmqvist (SE) &#8211; voice<br>John L\u00f6nnmyr (SE) &#8211; synth, organ<br>Thomas Gunillasson (SE) &#8211; electric guitar<br><br><\/p>\n\n\n\n<figure class=\"wp-block-gallery has-nested-images columns-default is-cropped wp-block-gallery-1 is-layout-flex wp-block-gallery-is-layout-flex\">\n<figure class=\"wp-block-image size-large is-style-default\"><a href=\"https:\/\/www.johanbjorklund.se\/wp\/wp-content\/uploads\/2023\/04\/TK-Kynnefjall-Kasebo-trad-scaled.jpg\"><img decoding=\"async\" loading=\"lazy\" width=\"1024\" height=\"683\" data-id=\"2084\" src=\"https:\/\/www.johanbjorklund.se\/wp\/wp-content\/uploads\/2023\/04\/TK-Kynnefjall-Kasebo-trad-1024x683.jpg\" alt=\"\" class=\"wp-image-2084\" srcset=\"https:\/\/www.johanbjorklund.se\/wp\/wp-content\/uploads\/2023\/04\/TK-Kynnefjall-Kasebo-trad-1024x683.jpg 1024w, https:\/\/www.johanbjorklund.se\/wp\/wp-content\/uploads\/2023\/04\/TK-Kynnefjall-Kasebo-trad-300x200.jpg 300w, https:\/\/www.johanbjorklund.se\/wp\/wp-content\/uploads\/2023\/04\/TK-Kynnefjall-Kasebo-trad-768x512.jpg 768w, https:\/\/www.johanbjorklund.se\/wp\/wp-content\/uploads\/2023\/04\/TK-Kynnefjall-Kasebo-trad-1536x1024.jpg 1536w, https:\/\/www.johanbjorklund.se\/wp\/wp-content\/uploads\/2023\/04\/TK-Kynnefjall-Kasebo-trad-2048x1365.jpg 2048w\" sizes=\"(max-width: 767px) 89vw, (max-width: 1000px) 54vw, (max-width: 1071px) 543px, 580px\" \/><\/a><\/figure>\n\n\n\n<figure class=\"wp-block-image size-large is-style-default\"><a href=\"https:\/\/www.johanbjorklund.se\/wp\/wp-content\/uploads\/2023\/04\/TK-Kynnefjall-6-trad-scaled.jpg\"><img decoding=\"async\" loading=\"lazy\" width=\"1024\" height=\"683\" data-id=\"2083\" src=\"https:\/\/www.johanbjorklund.se\/wp\/wp-content\/uploads\/2023\/04\/TK-Kynnefjall-6-trad-1024x683.jpg\" alt=\"\" class=\"wp-image-2083\" srcset=\"https:\/\/www.johanbjorklund.se\/wp\/wp-content\/uploads\/2023\/04\/TK-Kynnefjall-6-trad-1024x683.jpg 1024w, https:\/\/www.johanbjorklund.se\/wp\/wp-content\/uploads\/2023\/04\/TK-Kynnefjall-6-trad-300x200.jpg 300w, https:\/\/www.johanbjorklund.se\/wp\/wp-content\/uploads\/2023\/04\/TK-Kynnefjall-6-trad-768x512.jpg 768w, https:\/\/www.johanbjorklund.se\/wp\/wp-content\/uploads\/2023\/04\/TK-Kynnefjall-6-trad-1536x1024.jpg 1536w, https:\/\/www.johanbjorklund.se\/wp\/wp-content\/uploads\/2023\/04\/TK-Kynnefjall-6-trad-2048x1365.jpg 2048w\" sizes=\"(max-width: 767px) 89vw, (max-width: 1000px) 54vw, (max-width: 1071px) 543px, 580px\" \/><\/a><\/figure>\n\n\n\n<figure class=\"wp-block-image size-large is-style-default\"><a href=\"https:\/\/www.johanbjorklund.se\/wp\/wp-content\/uploads\/2023\/04\/TK-Kynnefjall-5-skog-scaled.jpg\"><img decoding=\"async\" loading=\"lazy\" width=\"1024\" height=\"683\" data-id=\"2082\" src=\"https:\/\/www.johanbjorklund.se\/wp\/wp-content\/uploads\/2023\/04\/TK-Kynnefjall-5-skog-1024x683.jpg\" alt=\"\" class=\"wp-image-2082\" srcset=\"https:\/\/www.johanbjorklund.se\/wp\/wp-content\/uploads\/2023\/04\/TK-Kynnefjall-5-skog-1024x683.jpg 1024w, https:\/\/www.johanbjorklund.se\/wp\/wp-content\/uploads\/2023\/04\/TK-Kynnefjall-5-skog-300x200.jpg 300w, https:\/\/www.johanbjorklund.se\/wp\/wp-content\/uploads\/2023\/04\/TK-Kynnefjall-5-skog-768x512.jpg 768w, https:\/\/www.johanbjorklund.se\/wp\/wp-content\/uploads\/2023\/04\/TK-Kynnefjall-5-skog-1536x1024.jpg 1536w, https:\/\/www.johanbjorklund.se\/wp\/wp-content\/uploads\/2023\/04\/TK-Kynnefjall-5-skog-2048x1365.jpg 2048w\" sizes=\"(max-width: 767px) 89vw, (max-width: 1000px) 54vw, (max-width: 1071px) 543px, 580px\" \/><\/a><\/figure>\n\n\n\n<figure class=\"wp-block-image size-large is-style-default\"><a href=\"https:\/\/www.johanbjorklund.se\/wp\/wp-content\/uploads\/2023\/04\/TK-Kynne-alv-vattenfall-1-scaled.jpg\"><img decoding=\"async\" loading=\"lazy\" width=\"1024\" height=\"683\" data-id=\"2081\" src=\"https:\/\/www.johanbjorklund.se\/wp\/wp-content\/uploads\/2023\/04\/TK-Kynne-alv-vattenfall-1-1024x683.jpg\" alt=\"\" class=\"wp-image-2081\" srcset=\"https:\/\/www.johanbjorklund.se\/wp\/wp-content\/uploads\/2023\/04\/TK-Kynne-alv-vattenfall-1-1024x683.jpg 1024w, https:\/\/www.johanbjorklund.se\/wp\/wp-content\/uploads\/2023\/04\/TK-Kynne-alv-vattenfall-1-300x200.jpg 300w, https:\/\/www.johanbjorklund.se\/wp\/wp-content\/uploads\/2023\/04\/TK-Kynne-alv-vattenfall-1-768x512.jpg 768w, https:\/\/www.johanbjorklund.se\/wp\/wp-content\/uploads\/2023\/04\/TK-Kynne-alv-vattenfall-1-1536x1024.jpg 1536w, https:\/\/www.johanbjorklund.se\/wp\/wp-content\/uploads\/2023\/04\/TK-Kynne-alv-vattenfall-1-2048x1365.jpg 2048w\" sizes=\"(max-width: 767px) 89vw, (max-width: 1000px) 54vw, (max-width: 1071px) 543px, 580px\" \/><\/a><\/figure>\n\n\n\n<figure class=\"wp-block-image size-large is-style-default\"><a href=\"https:\/\/www.johanbjorklund.se\/wp\/wp-content\/uploads\/2023\/04\/TK-Darkthrone-Forest-1-scaled.jpg\"><img decoding=\"async\" loading=\"lazy\" width=\"1024\" height=\"683\" data-id=\"2080\" src=\"https:\/\/www.johanbjorklund.se\/wp\/wp-content\/uploads\/2023\/04\/TK-Darkthrone-Forest-1-1024x683.jpg\" alt=\"\" class=\"wp-image-2080\" srcset=\"https:\/\/www.johanbjorklund.se\/wp\/wp-content\/uploads\/2023\/04\/TK-Darkthrone-Forest-1-1024x683.jpg 1024w, https:\/\/www.johanbjorklund.se\/wp\/wp-content\/uploads\/2023\/04\/TK-Darkthrone-Forest-1-300x200.jpg 300w, https:\/\/www.johanbjorklund.se\/wp\/wp-content\/uploads\/2023\/04\/TK-Darkthrone-Forest-1-768x512.jpg 768w, https:\/\/www.johanbjorklund.se\/wp\/wp-content\/uploads\/2023\/04\/TK-Darkthrone-Forest-1-1536x1024.jpg 1536w, https:\/\/www.johanbjorklund.se\/wp\/wp-content\/uploads\/2023\/04\/TK-Darkthrone-Forest-1-2048x1365.jpg 2048w\" sizes=\"(max-width: 767px) 89vw, (max-width: 1000px) 54vw, (max-width: 1071px) 543px, 580px\" \/><\/a><\/figure>\n\n\n\n<figure class=\"wp-block-image size-large is-style-default\"><a href=\"https:\/\/www.johanbjorklund.se\/wp\/wp-content\/uploads\/2023\/04\/TK-Kynnefjall-protect-the-forest-scaled.jpg\"><img decoding=\"async\" loading=\"lazy\" width=\"1024\" height=\"683\" data-id=\"2085\" src=\"https:\/\/www.johanbjorklund.se\/wp\/wp-content\/uploads\/2023\/04\/TK-Kynnefjall-protect-the-forest-1024x683.jpg\" alt=\"\" class=\"wp-image-2085\" srcset=\"https:\/\/www.johanbjorklund.se\/wp\/wp-content\/uploads\/2023\/04\/TK-Kynnefjall-protect-the-forest-1024x683.jpg 1024w, https:\/\/www.johanbjorklund.se\/wp\/wp-content\/uploads\/2023\/04\/TK-Kynnefjall-protect-the-forest-300x200.jpg 300w, https:\/\/www.johanbjorklund.se\/wp\/wp-content\/uploads\/2023\/04\/TK-Kynnefjall-protect-the-forest-768x512.jpg 768w, https:\/\/www.johanbjorklund.se\/wp\/wp-content\/uploads\/2023\/04\/TK-Kynnefjall-protect-the-forest-1536x1024.jpg 1536w, https:\/\/www.johanbjorklund.se\/wp\/wp-content\/uploads\/2023\/04\/TK-Kynnefjall-protect-the-forest-2048x1365.jpg 2048w\" sizes=\"(max-width: 767px) 89vw, (max-width: 1000px) 54vw, (max-width: 1071px) 543px, 580px\" \/><\/a><\/figure>\n<\/figure>\n\n\n\n<figure class=\"wp-block-gallery has-nested-images columns-default is-cropped wp-block-gallery-3 is-layout-flex wp-block-gallery-is-layout-flex\">\n<figure class=\"wp-block-image size-large is-style-default\"><a href=\"https:\/\/www.johanbjorklund.se\/wp\/wp-content\/uploads\/2023\/08\/Barstad-1.jpg\"><img decoding=\"async\" loading=\"lazy\" width=\"1024\" height=\"733\" data-id=\"2150\" src=\"https:\/\/www.johanbjorklund.se\/wp\/wp-content\/uploads\/2023\/08\/Barstad-1-1024x733.jpg\" alt=\"\" class=\"wp-image-2150\" srcset=\"https:\/\/www.johanbjorklund.se\/wp\/wp-content\/uploads\/2023\/08\/Barstad-1-1024x733.jpg 1024w, https:\/\/www.johanbjorklund.se\/wp\/wp-content\/uploads\/2023\/08\/Barstad-1-300x215.jpg 300w, https:\/\/www.johanbjorklund.se\/wp\/wp-content\/uploads\/2023\/08\/Barstad-1-768x550.jpg 768w, https:\/\/www.johanbjorklund.se\/wp\/wp-content\/uploads\/2023\/08\/Barstad-1.jpg 1080w\" sizes=\"(max-width: 767px) 89vw, (max-width: 1000px) 54vw, (max-width: 1071px) 543px, 580px\" \/><\/a><\/figure>\n\n\n\n<figure class=\"wp-block-image size-large is-style-default\"><a href=\"https:\/\/www.johanbjorklund.se\/wp\/wp-content\/uploads\/2023\/08\/Bjorklund-1.jpg\"><img decoding=\"async\" loading=\"lazy\" width=\"669\" height=\"1024\" data-id=\"2151\" src=\"https:\/\/www.johanbjorklund.se\/wp\/wp-content\/uploads\/2023\/08\/Bjorklund-1-669x1024.jpg\" alt=\"\" class=\"wp-image-2151\" srcset=\"https:\/\/www.johanbjorklund.se\/wp\/wp-content\/uploads\/2023\/08\/Bjorklund-1-669x1024.jpg 669w, https:\/\/www.johanbjorklund.se\/wp\/wp-content\/uploads\/2023\/08\/Bjorklund-1-196x300.jpg 196w, https:\/\/www.johanbjorklund.se\/wp\/wp-content\/uploads\/2023\/08\/Bjorklund-1-768x1176.jpg 768w, https:\/\/www.johanbjorklund.se\/wp\/wp-content\/uploads\/2023\/08\/Bjorklund-1.jpg 882w\" sizes=\"(max-width: 669px) 100vw, 669px\" \/><\/a><\/figure>\n\n\n\n<figure class=\"wp-block-image size-large is-style-default\"><a href=\"https:\/\/www.johanbjorklund.se\/wp\/wp-content\/uploads\/2023\/08\/Maria-Palmqvist-1-bw-1-scaled.jpg\"><img decoding=\"async\" loading=\"lazy\" width=\"819\" height=\"1024\" data-id=\"2153\" src=\"https:\/\/www.johanbjorklund.se\/wp\/wp-content\/uploads\/2023\/08\/Maria-Palmqvist-1-bw-1-819x1024.jpg\" alt=\"\" class=\"wp-image-2153\" srcset=\"https:\/\/www.johanbjorklund.se\/wp\/wp-content\/uploads\/2023\/08\/Maria-Palmqvist-1-bw-1-819x1024.jpg 819w, https:\/\/www.johanbjorklund.se\/wp\/wp-content\/uploads\/2023\/08\/Maria-Palmqvist-1-bw-1-240x300.jpg 240w, https:\/\/www.johanbjorklund.se\/wp\/wp-content\/uploads\/2023\/08\/Maria-Palmqvist-1-bw-1-768x960.jpg 768w, https:\/\/www.johanbjorklund.se\/wp\/wp-content\/uploads\/2023\/08\/Maria-Palmqvist-1-bw-1-1229x1536.jpg 1229w, https:\/\/www.johanbjorklund.se\/wp\/wp-content\/uploads\/2023\/08\/Maria-Palmqvist-1-bw-1-1638x2048.jpg 1638w, https:\/\/www.johanbjorklund.se\/wp\/wp-content\/uploads\/2023\/08\/Maria-Palmqvist-1-bw-1-scaled.jpg 2048w\" sizes=\"(max-width: 767px) 89vw, (max-width: 1000px) 54vw, (max-width: 1071px) 543px, 580px\" \/><\/a><\/figure>\n<\/figure>\n\n\n\n<figure class=\"wp-block-gallery has-nested-images columns-default is-cropped wp-block-gallery-5 is-layout-flex wp-block-gallery-is-layout-flex\">\n<figure class=\"wp-block-image size-large is-style-default\"><a href=\"https:\/\/www.johanbjorklund.se\/wp\/wp-content\/uploads\/2023\/08\/Adrian-4-bw-scaled.jpg\"><img decoding=\"async\" loading=\"lazy\" width=\"1024\" height=\"819\" data-id=\"2159\" src=\"https:\/\/www.johanbjorklund.se\/wp\/wp-content\/uploads\/2023\/08\/Adrian-4-bw-1024x819.jpg\" alt=\"\" class=\"wp-image-2159\" srcset=\"https:\/\/www.johanbjorklund.se\/wp\/wp-content\/uploads\/2023\/08\/Adrian-4-bw-1024x819.jpg 1024w, https:\/\/www.johanbjorklund.se\/wp\/wp-content\/uploads\/2023\/08\/Adrian-4-bw-300x240.jpg 300w, https:\/\/www.johanbjorklund.se\/wp\/wp-content\/uploads\/2023\/08\/Adrian-4-bw-768x614.jpg 768w, https:\/\/www.johanbjorklund.se\/wp\/wp-content\/uploads\/2023\/08\/Adrian-4-bw-1536x1229.jpg 1536w, https:\/\/www.johanbjorklund.se\/wp\/wp-content\/uploads\/2023\/08\/Adrian-4-bw-2048x1638.jpg 2048w\" sizes=\"(max-width: 767px) 89vw, (max-width: 1000px) 54vw, (max-width: 1071px) 543px, 580px\" \/><\/a><\/figure>\n\n\n\n<figure class=\"wp-block-image size-large is-style-default\"><a href=\"https:\/\/www.johanbjorklund.se\/wp\/wp-content\/uploads\/2023\/08\/Armand-Thomas-1-bw-scaled.jpg\"><img decoding=\"async\" loading=\"lazy\" width=\"819\" height=\"1024\" data-id=\"2160\" src=\"https:\/\/www.johanbjorklund.se\/wp\/wp-content\/uploads\/2023\/08\/Armand-Thomas-1-bw-819x1024.jpg\" alt=\"\" class=\"wp-image-2160\" srcset=\"https:\/\/www.johanbjorklund.se\/wp\/wp-content\/uploads\/2023\/08\/Armand-Thomas-1-bw-819x1024.jpg 819w, https:\/\/www.johanbjorklund.se\/wp\/wp-content\/uploads\/2023\/08\/Armand-Thomas-1-bw-240x300.jpg 240w, https:\/\/www.johanbjorklund.se\/wp\/wp-content\/uploads\/2023\/08\/Armand-Thomas-1-bw-768x960.jpg 768w, https:\/\/www.johanbjorklund.se\/wp\/wp-content\/uploads\/2023\/08\/Armand-Thomas-1-bw-1229x1536.jpg 1229w, https:\/\/www.johanbjorklund.se\/wp\/wp-content\/uploads\/2023\/08\/Armand-Thomas-1-bw-1638x2048.jpg 1638w, https:\/\/www.johanbjorklund.se\/wp\/wp-content\/uploads\/2023\/08\/Armand-Thomas-1-bw-scaled.jpg 2048w\" sizes=\"(max-width: 767px) 89vw, (max-width: 1000px) 54vw, (max-width: 1071px) 543px, 580px\" \/><\/a><\/figure>\n\n\n\n<figure class=\"wp-block-image size-large is-style-default\"><a href=\"https:\/\/www.johanbjorklund.se\/wp\/wp-content\/uploads\/2023\/09\/Markusson.jpg\"><img decoding=\"async\" loading=\"lazy\" width=\"683\" height=\"1024\" data-id=\"2214\" src=\"https:\/\/www.johanbjorklund.se\/wp\/wp-content\/uploads\/2023\/09\/Markusson-683x1024.jpg\" alt=\"\" class=\"wp-image-2214\" srcset=\"https:\/\/www.johanbjorklund.se\/wp\/wp-content\/uploads\/2023\/09\/Markusson-683x1024.jpg 683w, https:\/\/www.johanbjorklund.se\/wp\/wp-content\/uploads\/2023\/09\/Markusson-200x300.jpg 200w, https:\/\/www.johanbjorklund.se\/wp\/wp-content\/uploads\/2023\/09\/Markusson-768x1152.jpg 768w, https:\/\/www.johanbjorklund.se\/wp\/wp-content\/uploads\/2023\/09\/Markusson.jpg 900w\" sizes=\"(max-width: 683px) 100vw, 683px\" \/><\/a><\/figure>\n\n\n\n<figure class=\"wp-block-image size-large is-style-default\"><a href=\"https:\/\/www.johanbjorklund.se\/wp\/wp-content\/uploads\/2023\/08\/Pjax-1-bw-scaled.jpg\"><img decoding=\"async\" loading=\"lazy\" width=\"1024\" height=\"819\" data-id=\"2154\" src=\"https:\/\/www.johanbjorklund.se\/wp\/wp-content\/uploads\/2023\/08\/Pjax-1-bw-1024x819.jpg\" alt=\"\" class=\"wp-image-2154\" srcset=\"https:\/\/www.johanbjorklund.se\/wp\/wp-content\/uploads\/2023\/08\/Pjax-1-bw-1024x819.jpg 1024w, https:\/\/www.johanbjorklund.se\/wp\/wp-content\/uploads\/2023\/08\/Pjax-1-bw-300x240.jpg 300w, https:\/\/www.johanbjorklund.se\/wp\/wp-content\/uploads\/2023\/08\/Pjax-1-bw-768x614.jpg 768w, https:\/\/www.johanbjorklund.se\/wp\/wp-content\/uploads\/2023\/08\/Pjax-1-bw-1536x1229.jpg 1536w, https:\/\/www.johanbjorklund.se\/wp\/wp-content\/uploads\/2023\/08\/Pjax-1-bw-2048x1638.jpg 2048w\" sizes=\"(max-width: 767px) 89vw, (max-width: 1000px) 54vw, (max-width: 1071px) 543px, 580px\" \/><\/a><\/figure>\n\n\n\n<figure class=\"wp-block-image size-large is-style-default\"><a href=\"https:\/\/www.johanbjorklund.se\/wp\/wp-content\/uploads\/2023\/08\/Pjax-2-bw-scaled.jpg\"><img decoding=\"async\" loading=\"lazy\" width=\"1024\" height=\"819\" data-id=\"2158\" src=\"https:\/\/www.johanbjorklund.se\/wp\/wp-content\/uploads\/2023\/08\/Pjax-2-bw-1024x819.jpg\" alt=\"\" class=\"wp-image-2158\" srcset=\"https:\/\/www.johanbjorklund.se\/wp\/wp-content\/uploads\/2023\/08\/Pjax-2-bw-1024x819.jpg 1024w, https:\/\/www.johanbjorklund.se\/wp\/wp-content\/uploads\/2023\/08\/Pjax-2-bw-300x240.jpg 300w, https:\/\/www.johanbjorklund.se\/wp\/wp-content\/uploads\/2023\/08\/Pjax-2-bw-768x614.jpg 768w, https:\/\/www.johanbjorklund.se\/wp\/wp-content\/uploads\/2023\/08\/Pjax-2-bw-1536x1229.jpg 1536w, https:\/\/www.johanbjorklund.se\/wp\/wp-content\/uploads\/2023\/08\/Pjax-2-bw-2048x1638.jpg 2048w\" sizes=\"(max-width: 767px) 89vw, (max-width: 1000px) 54vw, (max-width: 1071px) 543px, 580px\" \/><\/a><\/figure>\n<\/figure>\n\n\n\n<figure class=\"wp-block-gallery has-nested-images columns-default is-cropped wp-block-gallery-7 is-layout-flex wp-block-gallery-is-layout-flex\">\n<figure class=\"wp-block-image size-large is-style-default\"><a href=\"https:\/\/www.johanbjorklund.se\/wp\/wp-content\/uploads\/2023\/08\/Armand-2-bw-scaled.jpg\"><img decoding=\"async\" loading=\"lazy\" width=\"819\" height=\"1024\" data-id=\"2163\" src=\"https:\/\/www.johanbjorklund.se\/wp\/wp-content\/uploads\/2023\/08\/Armand-2-bw-819x1024.jpg\" alt=\"\" class=\"wp-image-2163\" srcset=\"https:\/\/www.johanbjorklund.se\/wp\/wp-content\/uploads\/2023\/08\/Armand-2-bw-819x1024.jpg 819w, https:\/\/www.johanbjorklund.se\/wp\/wp-content\/uploads\/2023\/08\/Armand-2-bw-240x300.jpg 240w, https:\/\/www.johanbjorklund.se\/wp\/wp-content\/uploads\/2023\/08\/Armand-2-bw-768x960.jpg 768w, https:\/\/www.johanbjorklund.se\/wp\/wp-content\/uploads\/2023\/08\/Armand-2-bw-1229x1536.jpg 1229w, https:\/\/www.johanbjorklund.se\/wp\/wp-content\/uploads\/2023\/08\/Armand-2-bw-1638x2048.jpg 1638w, https:\/\/www.johanbjorklund.se\/wp\/wp-content\/uploads\/2023\/08\/Armand-2-bw-scaled.jpg 2048w\" sizes=\"(max-width: 767px) 89vw, (max-width: 1000px) 54vw, (max-width: 1071px) 543px, 580px\" \/><\/a><\/figure>\n\n\n\n<figure class=\"wp-block-image size-large is-style-default\"><a href=\"https:\/\/www.johanbjorklund.se\/wp\/wp-content\/uploads\/2023\/08\/Johan-2-bw-scaled.jpg\"><img decoding=\"async\" loading=\"lazy\" width=\"819\" height=\"1024\" data-id=\"2164\" src=\"https:\/\/www.johanbjorklund.se\/wp\/wp-content\/uploads\/2023\/08\/Johan-2-bw-819x1024.jpg\" alt=\"\" class=\"wp-image-2164\" srcset=\"https:\/\/www.johanbjorklund.se\/wp\/wp-content\/uploads\/2023\/08\/Johan-2-bw-819x1024.jpg 819w, https:\/\/www.johanbjorklund.se\/wp\/wp-content\/uploads\/2023\/08\/Johan-2-bw-240x300.jpg 240w, https:\/\/www.johanbjorklund.se\/wp\/wp-content\/uploads\/2023\/08\/Johan-2-bw-768x960.jpg 768w, https:\/\/www.johanbjorklund.se\/wp\/wp-content\/uploads\/2023\/08\/Johan-2-bw-1229x1536.jpg 1229w, https:\/\/www.johanbjorklund.se\/wp\/wp-content\/uploads\/2023\/08\/Johan-2-bw-1639x2048.jpg 1639w, https:\/\/www.johanbjorklund.se\/wp\/wp-content\/uploads\/2023\/08\/Johan-2-bw-scaled.jpg 2048w\" sizes=\"(max-width: 767px) 89vw, (max-width: 1000px) 54vw, (max-width: 1071px) 543px, 580px\" \/><\/a><\/figure>\n<\/figure>\n\n\n\n<p><a href=\"https:\/\/www.facebook.com\/DisturbanceSwe\">FACEBOOK<\/a><\/p>\n","protected":false},"excerpt":{"rendered":"<p>Embracing and finding inspiration\/irritation in my youth and background on the Swedish countryside is the source for creating this music. Ever since starting my journey in music as a kid this has been an integral part in everything I have done,&nbsp;the fact that I grew up in a certain, really special&nbsp;place in Sweden. The cultural, &hellip; <\/p>\n<p class=\"link-more\"><a href=\"https:\/\/www.johanbjorklund.se\/index.php\/projects\/pjaxerod-2-0\/\" class=\"more-link\">Forts\u00e4tt l\u00e4sa<span class=\"screen-reader-text\"> &#8221;PJ\u00c4XER\u00d6D 2.0 &#8211; 2023&#8221;<\/span><\/a><\/p>\n","protected":false},"author":1,"featured_media":1971,"parent":1860,"menu_order":1,"comment_status":"closed","ping_status":"closed","template":"","meta":{"footnotes":""},"_links":{"self":[{"href":"https:\/\/www.johanbjorklund.se\/index.php\/wp-json\/wp\/v2\/pages\/1970"}],"collection":[{"href":"https:\/\/www.johanbjorklund.se\/index.php\/wp-json\/wp\/v2\/pages"}],"about":[{"href":"https:\/\/www.johanbjorklund.se\/index.php\/wp-json\/wp\/v2\/types\/page"}],"author":[{"embeddable":true,"href":"https:\/\/www.johanbjorklund.se\/index.php\/wp-json\/wp\/v2\/users\/1"}],"replies":[{"embeddable":true,"href":"https:\/\/www.johanbjorklund.se\/index.php\/wp-json\/wp\/v2\/comments?post=1970"}],"version-history":[{"count":11,"href":"https:\/\/www.johanbjorklund.se\/index.php\/wp-json\/wp\/v2\/pages\/1970\/revisions"}],"predecessor-version":[{"id":2216,"href":"https:\/\/www.johanbjorklund.se\/index.php\/wp-json\/wp\/v2\/pages\/1970\/revisions\/2216"}],"up":[{"embeddable":true,"href":"https:\/\/www.johanbjorklund.se\/index.php\/wp-json\/wp\/v2\/pages\/1860"}],"wp:featuredmedia":[{"embeddable":true,"href":"https:\/\/www.johanbjorklund.se\/index.php\/wp-json\/wp\/v2\/media\/1971"}],"wp:attachment":[{"href":"https:\/\/www.johanbjorklund.se\/index.php\/wp-json\/wp\/v2\/media?parent=1970"}],"curies":[{"name":"wp","href":"https:\/\/api.w.org\/{rel}","templated":true}]}}