{"id":1860,"date":"2021-12-04T10:12:04","date_gmt":"2021-12-04T09:12:04","guid":{"rendered":"http:\/\/www.johanbjorklund.se\/?page_id=1860"},"modified":"2023-09-05T16:45:51","modified_gmt":"2023-09-05T14:45:51","slug":"projects","status":"publish","type":"page","link":"https:\/\/www.johanbjorklund.se\/index.php\/projects\/","title":{"rendered":"PROJECTS"},"content":{"rendered":"<ul><li class=\"page_item page-item-1970\"><a href=\"https:\/\/www.johanbjorklund.se\/index.php\/projects\/pjaxerod-2-0\/\">PJ\u00c4XER\u00d6D 2.0 &#8211; 2023<\/a><\/li>\n<li class=\"page_item page-item-1921\"><a href=\"https:\/\/www.johanbjorklund.se\/index.php\/projects\/pa-vag-45-artist-in-residence-amal-april-may-2022\/\">&#8221;P\u00c5 V\u00c4G 45&#8221; &#8211; ARTIST IN RESIDENCE \u00c5M\u00c5L ART GALLERY, SWEDEN APRIL-MAY 2022<\/a><\/li>\n<li class=\"page_item page-item-1825\"><a href=\"https:\/\/www.johanbjorklund.se\/index.php\/projects\/air-4x400-gothenburg-400-years-2021\/\">AIR 4&#215;400 &#8211; GOTHENBURG 400 YEARS 2021<\/a><\/li>\n<li class=\"page_item page-item-2364\"><a href=\"https:\/\/www.johanbjorklund.se\/index.php\/projects\/darkthrone-forest-in-the-deep\/\">DARKTHRONE FOREST IN THE DEEP<\/a><\/li>\n<\/ul>\n","protected":false},"excerpt":{"rendered":"","protected":false},"author":1,"featured_media":0,"parent":0,"menu_order":0,"comment_status":"closed","ping_status":"closed","template":"","meta":{"footnotes":""},"_links":{"self":[{"href":"https:\/\/www.johanbjorklund.se\/index.php\/wp-json\/wp\/v2\/pages\/1860"}],"collection":[{"href":"https:\/\/www.johanbjorklund.se\/index.php\/wp-json\/wp\/v2\/pages"}],"about":[{"href":"https:\/\/www.johanbjorklund.se\/index.php\/wp-json\/wp\/v2\/types\/page"}],"author":[{"embeddable":true,"href":"https:\/\/www.johanbjorklund.se\/index.php\/wp-json\/wp\/v2\/users\/1"}],"replies":[{"embeddable":true,"href":"https:\/\/www.johanbjorklund.se\/index.php\/wp-json\/wp\/v2\/comments?post=1860"}],"version-history":[{"count":4,"href":"https:\/\/www.johanbjorklund.se\/index.php\/wp-json\/wp\/v2\/pages\/1860\/revisions"}],"predecessor-version":[{"id":2203,"href":"https:\/\/www.johanbjorklund.se\/index.php\/wp-json\/wp\/v2\/pages\/1860\/revisions\/2203"}],"wp:attachment":[{"href":"https:\/\/www.johanbjorklund.se\/index.php\/wp-json\/wp\/v2\/media?parent=1860"}],"curies":[{"name":"wp","href":"https:\/\/api.w.org\/{rel}","templated":true}]}}