{"id":1825,"date":"2021-12-04T10:42:49","date_gmt":"2021-12-04T09:42:49","guid":{"rendered":"http:\/\/www.johanbjorklund.se\/?page_id=1825"},"modified":"2023-08-17T15:10:39","modified_gmt":"2023-08-17T13:10:39","slug":"air-4x400-gothenburg-400-years-2021","status":"publish","type":"page","link":"https:\/\/www.johanbjorklund.se\/index.php\/projects\/air-4x400-gothenburg-400-years-2021\/","title":{"rendered":"AIR 4&#215;400 &#8211; GOTHENBURG 400 YEARS 2021"},"content":{"rendered":"\n<figure class=\"wp-block-embed-youtube wp-block-embed is-type-video is-provider-youtube wp-embed-aspect-16-9 wp-has-aspect-ratio\"><div class=\"wp-block-embed__wrapper\">\n<iframe loading=\"lazy\" title=\"AiR 4x400 \u00e5r \u2013 V\u00e5rv\u00e4derstorget, Biskopsg\u00e5rden 30 maj-4 juni 2021\" width=\"525\" height=\"295\" src=\"https:\/\/www.youtube.com\/embed\/Gj9zUyrsg4o?feature=oembed\" frameborder=\"0\" allow=\"accelerometer; autoplay; clipboard-write; encrypted-media; gyroscope; picture-in-picture\" allowfullscreen><\/iframe>\n<\/div><\/figure>\n\n\n\n<figure class=\"wp-block-audio\"><audio controls src=\"https:\/\/www.johanbjorklund.se\/wp\/wp-content\/uploads\/2021\/12\/HEAVY-WEATHER-210531-NORM-BOUNCE-1.mp3\"><\/audio><figcaption>&#8221;Heavy Weather&#8221; &#8211; excerpts from rehearsal 31 May 2021.<\/figcaption><\/figure>\n\n\n\n<p>Artistic Residency 31 May-4 June 2021 V\u00e5rv\u00e4derstorget, Gothenburg, Sweden.<br>Celebrating the 400 Year anniversary of 4 cities in Sweden (Lule\u00e5, Pite\u00e5, Gothenburg and Bor\u00e5s) 2021 with art installations on different themes connected to the specific city.<br>4 artists representing their respective city in each residency.<br><br>In Gothenburg I was chosen to represent my city together with Amanda Mediant (Pite\u00e5)\/ Jenny Schinkler (Lule\u00e5)\/ Odyessas Pappas (Bor\u00e5s).<br>Exploring and interpreting one of Gothenburgs specialities: Rain!<br><br>The residency Gothenburg AiR 4\u00d7400 was a collaboration between G\u00f6teborg &amp; Co, TILLT and Rain Gothenburg. The national project involved Resurscentrum f\u00f6r konst,  Konstkonsulenten in  Norrbotten, Pite\u00e5 kommun and Textile Fashion Center, Bor\u00e5s.<br>My specific work &#8221;Heavy Weather&#8221; was made in close collaboration with sound artist Robert Axelsson\/LiveLab and the voice of Kajsa Wallmon.<br><\/p>\n\n\n\n<p><br><\/p>\n","protected":false},"excerpt":{"rendered":"<p>Artistic Residency 31 May-4 June 2021 V\u00e5rv\u00e4derstorget, Gothenburg, Sweden.Celebrating the 400 Year anniversary of 4 cities in Sweden (Lule\u00e5, Pite\u00e5, Gothenburg and Bor\u00e5s) 2021 with art installations on different themes connected to the specific city.4 artists representing their respective city in each residency. In Gothenburg I was chosen to represent my city together with Amanda &hellip; <\/p>\n<p class=\"link-more\"><a href=\"https:\/\/www.johanbjorklund.se\/index.php\/projects\/air-4x400-gothenburg-400-years-2021\/\" class=\"more-link\">Forts\u00e4tt l\u00e4sa<span class=\"screen-reader-text\"> &#8221;AIR 4&#215;400 &#8211; GOTHENBURG 400 YEARS 2021&#8221;<\/span><\/a><\/p>\n","protected":false},"author":1,"featured_media":0,"parent":1860,"menu_order":3,"comment_status":"closed","ping_status":"closed","template":"","meta":{"footnotes":""},"_links":{"self":[{"href":"https:\/\/www.johanbjorklund.se\/index.php\/wp-json\/wp\/v2\/pages\/1825"}],"collection":[{"href":"https:\/\/www.johanbjorklund.se\/index.php\/wp-json\/wp\/v2\/pages"}],"about":[{"href":"https:\/\/www.johanbjorklund.se\/index.php\/wp-json\/wp\/v2\/types\/page"}],"author":[{"embeddable":true,"href":"https:\/\/www.johanbjorklund.se\/index.php\/wp-json\/wp\/v2\/users\/1"}],"replies":[{"embeddable":true,"href":"https:\/\/www.johanbjorklund.se\/index.php\/wp-json\/wp\/v2\/comments?post=1825"}],"version-history":[{"count":6,"href":"https:\/\/www.johanbjorklund.se\/index.php\/wp-json\/wp\/v2\/pages\/1825\/revisions"}],"predecessor-version":[{"id":1969,"href":"https:\/\/www.johanbjorklund.se\/index.php\/wp-json\/wp\/v2\/pages\/1825\/revisions\/1969"}],"up":[{"embeddable":true,"href":"https:\/\/www.johanbjorklund.se\/index.php\/wp-json\/wp\/v2\/pages\/1860"}],"wp:attachment":[{"href":"https:\/\/www.johanbjorklund.se\/index.php\/wp-json\/wp\/v2\/media?parent=1825"}],"curies":[{"name":"wp","href":"https:\/\/api.w.org\/{rel}","templated":true}]}}