{"id":167,"date":"2012-09-25T15:37:01","date_gmt":"2012-09-25T13:37:01","guid":{"rendered":"http:\/\/www.johanbjorklund.se\/?page_id=167"},"modified":"2024-03-23T22:16:38","modified_gmt":"2024-03-23T21:16:38","slug":"mess-st-amblendfoll","status":"publish","type":"page","link":"https:\/\/www.johanbjorklund.se\/index.php\/skivor\/mess-st-amblendfoll\/","title":{"rendered":"Mess \u2013 &#8221;St. Amblendfoll&#8221; 2005"},"content":{"rendered":"\n<figure class=\"wp-block-image size-full is-style-default\"><a href=\"https:\/\/www.johanbjorklund.se\/wp\/wp-content\/uploads\/2012\/09\/messstambweb.jpg\"><img decoding=\"async\" loading=\"lazy\" width=\"425\" height=\"421\" src=\"https:\/\/www.johanbjorklund.se\/wp\/wp-content\/uploads\/2012\/09\/messstambweb.jpg\" alt=\"\" class=\"wp-image-461\"\/><\/a><\/figure>\n\n\n\n<figure class=\"wp-block-embed is-type-rich is-provider-spotify wp-block-embed-spotify wp-embed-aspect-21-9 wp-has-aspect-ratio\"><div class=\"wp-block-embed__wrapper\">\n<iframe title=\"Spotify Embed: St. Amblendfoll\" style=\"border-radius: 12px\" width=\"100%\" height=\"352\" frameborder=\"0\" allowfullscreen allow=\"autoplay; clipboard-write; encrypted-media; fullscreen; picture-in-picture\" loading=\"lazy\" src=\"https:\/\/open.spotify.com\/embed\/album\/1WkDmBan1LFb5lpcRzlL8w?si=LvHfr7tzSbWRPRmUE91-FQ&#038;utm_source=oembed\"><\/iframe>\n<\/div><\/figure>\n\n\n<p>Release 24 October 2005. Label: <a href=\"http:\/\/www.imogena.se\/\" target=\"_blank\" rel=\"noopener noreferrer\">Imogena<\/a> Records (IGCD123)\u00a0<br \/>Recorded and mixed by Johannes Lundberg at Studio Bunkern, G\u00f6teborg August-October 2004.<\/p>\n<h2>MUSICIANS<\/h2>\n<p>Johan Bj\u00f6rklund &#8211; drums, sampler<br \/>Lisen Rylander &#8211; soprano\/tenor saxophone, bass clarinet, voice<br \/>Andreas Hall &#8211; tenorsaxophone<br \/>Klas Nilsson &#8211; trumpet<br \/>Thomas Gunillasson &#8211; guitar<br \/>Thomas Markusson &#8211; bass<\/p>\n<h2>BUY MUSIC<\/h2>\n<p>CD: 120 SEK, incl postage (Nordic countries). Order <a href=\"mailto:johan@johanbjorklund.se\">here<\/a>.<br \/><a href=\"http:\/\/%20https:\/\/itunes.apple.com\/se\/album\/st.-amblendfoll\/id335172475\" target=\"_blank\" rel=\"noopener noreferrer\" data-wplink-url-error=\"true\">Apple Music<\/a>\u00a0<\/p>\n<h2>PRESS (SWEDISH ONLY)<\/h2>\n<blockquote>\n<p>&#8221;\u00c5rets sm\u00e4ll mitt i plytet &#8211; tjoff! Of\u00f6rv\u00e4gen morgondagsmusik l\u00e4tt kryddade av elektronik. Svensk jazz \u00e4r internationellt den mest intressanta, s\u00e4gs det d\u00e5 och d\u00e5. H\u00e4r ett av bevisen.&#8221;<\/p>\n<\/blockquote>\n<p style=\"text-align: right;\">Knut Johansson &#8211; Helsingborgs Dagblad<\/p>\n<blockquote>\n<p>&#8221;Det \u00e4r fr\u00e5gan om kontrastrik och bitvis chockerande musik,\u00a0som spr\u00e4nger de flesta ramar\u2026Influenserna finns hos flera\u00a0musikformer, jazz, heavy metal, folkmusik och fri improvisation.\u00a0Den h\u00e4r gruppen har f\u00f6rst\u00e5s v\u00e4ckt uppst\u00e5ndelse fr\u00e4mst p\u00e5\u00a0livescenen. Men vill man s\u00e4tta fart p\u00e5 hj\u00e4rncellerna duger \u00e4ven den\u00a0h\u00e4r skivan gott.&#8221;<\/p>\n<\/blockquote>\n<p style=\"text-align: right;\">Stig Jonasson Sm\u00e5landsposten<\/p>\n<blockquote>\n<p>&#8221;Den fina skivans styrkor \u00e4r Bj\u00f6rklunds egenkomponerade melodier, vars s\u00e5ngbara melodier ibland \u00f6verraskar.&#8221;<\/p>\n<\/blockquote>\n<p style=\"text-align: right;\">Jukka Piiroinen &#8211; JazzRytmit<\/p>\n<blockquote>\n<p>&#8221;\u2026en av saxofonerna presenterar temat och de andra ansluter efter\u00a0hand f\u00f6r att ge samplern sista ordet med ett sound som l\u00e5ter som\u00a0om det h\u00e4mtas ur en gammal radioapparat som letar efter\u00a0stationer p\u00e5 mellanv\u00e5g &#8211; fascinerande!&#8221;<\/p>\n<\/blockquote>\n<p style=\"text-align: right;\">Leif Wigh &#8211; OJ<\/p>","protected":false},"excerpt":{"rendered":"<p>Release 24 October 2005. Label: Imogena Records (IGCD123)\u00a0Recorded and mixed by Johannes Lundberg at Studio Bunkern, G\u00f6teborg August-October 2004. MUSICIANS Johan Bj\u00f6rklund &#8211; drums, samplerLisen Rylander &#8211; soprano\/tenor saxophone, bass clarinet, voiceAndreas Hall &#8211; tenorsaxophoneKlas Nilsson &#8211; trumpetThomas Gunillasson &#8211; guitarThomas Markusson &#8211; bass BUY MUSIC CD: 120 SEK, incl postage (Nordic countries). Order here.Apple &hellip; <\/p>\n<p class=\"link-more\"><a href=\"https:\/\/www.johanbjorklund.se\/index.php\/skivor\/mess-st-amblendfoll\/\" class=\"more-link\">Forts\u00e4tt l\u00e4sa<span class=\"screen-reader-text\"> &#8221;Mess \u2013 &#8221;St. Amblendfoll&#8221; 2005&#8243;<\/span><\/a><\/p>\n","protected":false},"author":1,"featured_media":0,"parent":9,"menu_order":19,"comment_status":"closed","ping_status":"closed","template":"","meta":{"footnotes":""},"_links":{"self":[{"href":"https:\/\/www.johanbjorklund.se\/index.php\/wp-json\/wp\/v2\/pages\/167"}],"collection":[{"href":"https:\/\/www.johanbjorklund.se\/index.php\/wp-json\/wp\/v2\/pages"}],"about":[{"href":"https:\/\/www.johanbjorklund.se\/index.php\/wp-json\/wp\/v2\/types\/page"}],"author":[{"embeddable":true,"href":"https:\/\/www.johanbjorklund.se\/index.php\/wp-json\/wp\/v2\/users\/1"}],"replies":[{"embeddable":true,"href":"https:\/\/www.johanbjorklund.se\/index.php\/wp-json\/wp\/v2\/comments?post=167"}],"version-history":[{"count":25,"href":"https:\/\/www.johanbjorklund.se\/index.php\/wp-json\/wp\/v2\/pages\/167\/revisions"}],"predecessor-version":[{"id":2447,"href":"https:\/\/www.johanbjorklund.se\/index.php\/wp-json\/wp\/v2\/pages\/167\/revisions\/2447"}],"up":[{"embeddable":true,"href":"https:\/\/www.johanbjorklund.se\/index.php\/wp-json\/wp\/v2\/pages\/9"}],"wp:attachment":[{"href":"https:\/\/www.johanbjorklund.se\/index.php\/wp-json\/wp\/v2\/media?parent=167"}],"curies":[{"name":"wp","href":"https:\/\/api.w.org\/{rel}","templated":true}]}}