{"id":165,"date":"2012-09-25T15:35:46","date_gmt":"2012-09-25T13:35:46","guid":{"rendered":"http:\/\/www.johanbjorklund.se\/?page_id=165"},"modified":"2024-03-23T22:18:08","modified_gmt":"2024-03-23T21:18:08","slug":"nu-green-fingers","status":"publish","type":"page","link":"https:\/\/www.johanbjorklund.se\/index.php\/skivor\/nu-green-fingers\/","title":{"rendered":":nu \u2013 &#8221;Green Fingers&#8221; 2005"},"content":{"rendered":"\n<figure class=\"wp-block-image size-full is-style-default\"><a href=\"https:\/\/www.johanbjorklund.se\/wp\/wp-content\/uploads\/2012\/09\/nuweb2.jpg\"><img decoding=\"async\" loading=\"lazy\" width=\"413\" height=\"410\" src=\"https:\/\/www.johanbjorklund.se\/wp\/wp-content\/uploads\/2012\/09\/nuweb2.jpg\" alt=\"\" class=\"wp-image-448\"\/><\/a><\/figure>\n\n\n\n<figure class=\"wp-block-embed is-type-rich is-provider-spotify wp-block-embed-spotify wp-embed-aspect-21-9 wp-has-aspect-ratio\"><div class=\"wp-block-embed__wrapper\">\n<iframe title=\"Spotify Embed: Green Fingers\" style=\"border-radius: 12px\" width=\"100%\" height=\"352\" frameborder=\"0\" allowfullscreen allow=\"autoplay; clipboard-write; encrypted-media; fullscreen; picture-in-picture\" loading=\"lazy\" src=\"https:\/\/open.spotify.com\/embed\/album\/70fvCSs0Tjo71T7PIvODJ7?si=HgZ0aGrQRiOtGOp_xYN1tQ&#038;utm_source=oembed\"><\/iframe>\n<\/div><\/figure>\n\n\n<p>Release 17 May 2005. Label: ELD Records (ER 5)\u00a0<br \/>Recorded, mixed and mastered in Studio Fabriken, Gothenburg October 2004 and February 2005.<\/p>\n<h2>MUSICIANS<\/h2>\n<p>Fabian Kallerdahl &#8211; keyboards<br \/>Nils Berg &#8211; saxophone, bassclarinet, sampler, synth<br \/>Josef Kallerdahl &#8211; bass<br \/>Johan Bj\u00f6rklund &#8211; drums, electronics<\/p>\n<h2>BUY MUSIC<\/h2>\n<p>CD: 120 SEK incl. postage (Nordic countries). Order by <a href=\"mailto:johan@johanbjorklund.se\">mail<\/a>.<br \/><a href=\"https:\/\/itunes.apple.com\/se\/album\/green-fingers\/571989640\">Download<\/a> Apple Music<\/p>\n<h2>PRESS (SWEDISH ONLY)<\/h2>\n<blockquote>\n<p>&#8221;Tr\u00e4bl\u00e5saren Nils Berg \u00e4r i f\u00f6rgrunden n\u00e4r de h\u00f6rv\u00e4rda melodierna\u00a0presenteras \u2026inget \u00e4r p\u00e5lagt f\u00f6r effekternas skull, syntar och sampler anv\u00e4nds p\u00e5 ett helgjutet s\u00e4tt.&#8221;<\/p>\n<\/blockquote>\n<p style=\"text-align: right;\">OJ &#8211; Sven Boija<\/p>\n<blockquote>\n<p>&#8221;:nu har r\u00f6tterna i jazzen. Det \u00e4r helt klart, men bandet ser ocks\u00e5\u00a0vidare, letar nya vinklar, nya vr\u00e5r och s\u00f6ker utveckla jazzen\u2026En v\u00e4l\u00a0sammansvetsad och t\u00e4tt spelande kvartett som levererar god jazz&#8221;<\/p>\n<\/blockquote>\n<p style=\"text-align: right;\">Dalademokraten &#8211; Lennart G\u00f6tesson<\/p>\n<blockquote>\n<p>&#8221;En sp\u00e4nnande grupp som provar nya v\u00e4gar till moderna \u00f6ron.&#8221;<\/p>\n<\/blockquote>\n<p style=\"text-align: right;\">Musikindustrin<\/p>\n<blockquote>\n<p>&#8221;Det finns fantastiska l\u00e5tar p\u00e5 den h\u00e4r skivan, d\u00e4r Fabian Kallerdahls\u00a0piano och syntar lever i symbios med Nils Bergs sax eller basklarinett. Jag sjunker ner som i en fluffig f\u00e5t\u00f6lj och l\u00e5ter mig v\u00e4l smaka. Det \u00e4r bitvis mjukt som silke, bitvis sv\u00e4nger det och jag dras upp p\u00e5 ett golv d\u00e4r det b\u00e5de dansas och skrattas\u2026 Josef Kallerdahls fina bassolon f\u00f6rst\u00e4rker k\u00e4nslan av melodi\u00f6s jazz, s\u00e4rskilt n\u00e4r synten leker hammondorgel. Johan Bj\u00f6rklunds vispar likas\u00e5, det \u00e4r k\u00e4nsligt och \u00f6vertygande.&#8221;<\/p>\n<\/blockquote>\n<p style=\"text-align: right;\">Lira &#8211; Thomas Nydahl<\/p>\n<p><!--:--><\/p>","protected":false},"excerpt":{"rendered":"<p>Release 17 May 2005. Label: ELD Records (ER 5)\u00a0Recorded, mixed and mastered in Studio Fabriken, Gothenburg October 2004 and February 2005. MUSICIANS Fabian Kallerdahl &#8211; keyboardsNils Berg &#8211; saxophone, bassclarinet, sampler, synthJosef Kallerdahl &#8211; bassJohan Bj\u00f6rklund &#8211; drums, electronics BUY MUSIC CD: 120 SEK incl. postage (Nordic countries). Order by mail.Download Apple Music PRESS (SWEDISH &hellip; <\/p>\n<p class=\"link-more\"><a href=\"https:\/\/www.johanbjorklund.se\/index.php\/skivor\/nu-green-fingers\/\" class=\"more-link\">Forts\u00e4tt l\u00e4sa<span class=\"screen-reader-text\"> &#8221;:nu \u2013 &#8221;Green Fingers&#8221; 2005&#8243;<\/span><\/a><\/p>\n","protected":false},"author":1,"featured_media":0,"parent":9,"menu_order":13,"comment_status":"closed","ping_status":"closed","template":"","meta":{"footnotes":""},"_links":{"self":[{"href":"https:\/\/www.johanbjorklund.se\/index.php\/wp-json\/wp\/v2\/pages\/165"}],"collection":[{"href":"https:\/\/www.johanbjorklund.se\/index.php\/wp-json\/wp\/v2\/pages"}],"about":[{"href":"https:\/\/www.johanbjorklund.se\/index.php\/wp-json\/wp\/v2\/types\/page"}],"author":[{"embeddable":true,"href":"https:\/\/www.johanbjorklund.se\/index.php\/wp-json\/wp\/v2\/users\/1"}],"replies":[{"embeddable":true,"href":"https:\/\/www.johanbjorklund.se\/index.php\/wp-json\/wp\/v2\/comments?post=165"}],"version-history":[{"count":26,"href":"https:\/\/www.johanbjorklund.se\/index.php\/wp-json\/wp\/v2\/pages\/165\/revisions"}],"predecessor-version":[{"id":2449,"href":"https:\/\/www.johanbjorklund.se\/index.php\/wp-json\/wp\/v2\/pages\/165\/revisions\/2449"}],"up":[{"embeddable":true,"href":"https:\/\/www.johanbjorklund.se\/index.php\/wp-json\/wp\/v2\/pages\/9"}],"wp:attachment":[{"href":"https:\/\/www.johanbjorklund.se\/index.php\/wp-json\/wp\/v2\/media?parent=165"}],"curies":[{"name":"wp","href":"https:\/\/api.w.org\/{rel}","templated":true}]}}