{"id":163,"date":"2012-09-25T15:35:09","date_gmt":"2012-09-25T13:35:09","guid":{"rendered":"http:\/\/www.johanbjorklund.se\/?page_id=163"},"modified":"2024-03-23T22:20:30","modified_gmt":"2024-03-23T21:20:30","slug":"zara-tellander-himmelens-hatt","status":"publish","type":"page","link":"https:\/\/www.johanbjorklund.se\/index.php\/skivor\/zara-tellander-himmelens-hatt\/","title":{"rendered":"Zara Tellander \u2013 &#8221;Himmelens Hatt&#8221; 2005"},"content":{"rendered":"\n<figure class=\"wp-block-image size-full is-style-default\"><a href=\"https:\/\/www.johanbjorklund.se\/wp\/wp-content\/uploads\/2012\/09\/zarahimmelweb.jpg\"><img decoding=\"async\" loading=\"lazy\" width=\"410\" height=\"410\" src=\"https:\/\/www.johanbjorklund.se\/wp\/wp-content\/uploads\/2012\/09\/zarahimmelweb.jpg\" alt=\"\" class=\"wp-image-465\"\/><\/a><\/figure>\n\n\n\n<figure class=\"wp-block-embed is-type-rich is-provider-spotify wp-block-embed-spotify wp-embed-aspect-21-9 wp-has-aspect-ratio\"><div class=\"wp-block-embed__wrapper\">\n<iframe title=\"Spotify Embed: Himmelens Hatt\" style=\"border-radius: 12px\" width=\"100%\" height=\"352\" frameborder=\"0\" allowfullscreen allow=\"autoplay; clipboard-write; encrypted-media; fullscreen; picture-in-picture\" loading=\"lazy\" src=\"https:\/\/open.spotify.com\/embed\/album\/6X40lrhqbUZSjrPaXCfDRI?si=hL6g5AmtSMKwdo5Ce-ROXw&#038;utm_source=oembed\"><\/iframe>\n<\/div><\/figure>\n\n\n\n<p>Release 16 September 2005. Label: Caprice Records (CAPCD 21757)&nbsp;<br>Recorded in Nilento Studios, K\u00e5llered, Sweden march 2005.<\/p>\n\n\n\n<h2 class=\"wp-block-heading\">MUSICIANS<\/h2>\n\n\n\n<p>Zara Tellander &#8211; voice<br>Lisen Rylander &#8211; saxophone, bassclarinet<br>Jacob Karlzon &#8211; piano<br>Johannes Lundberg &#8211; bass<br>Johan Bj\u00f6rklund &#8211; drums<br>Thomas Gunillasson &#8211; guitar<\/p>\n\n\n\n<h2 class=\"wp-block-heading\">BUY MUSIC<\/h2>\n\n\n\n<p>CD: 120 SEK incl. postage (Nordic countries). Order by <a href=\"mailto:johan@johanbjorklund.se\">mail<\/a>.<br><a rel=\"noreferrer noopener\" href=\"https:\/\/itunes.apple.com\/se\/album\/himmelens-hatt\/id394648576\" target=\"_blank\">Apple Music<\/a><br><\/p>\n\n\n\n<h2 class=\"wp-block-heading\">PRESS (SWEDISH ONLY)<\/h2>\n\n\n\n<blockquote class=\"wp-block-quote\">\n<p>&#8221;S\u00e5ngen \u00e4r inte g\u00e4st i jazzgenren och jazzen \u00e4r inte d\u00e4r f\u00f6r att&nbsp;g\u00f6ra &#8221;n\u00e5t roligt&#8221; med folkmusiken. Det beh\u00f6vs n\u00e4mligen inte. &nbsp;De bara lyfter varandra p\u00e5 ett alldeles sj\u00e4lvklart s\u00e4tt, utan &nbsp;att s\u00f6ka efter effekter. Det \u00e4r ju s\u00e5h\u00e4r det m\u00e5ste l\u00e5ta, bara.&#8221;<\/p>\n<\/blockquote>\n\n\n\n<p class=\"has-text-align-right\">M\u00e4ret \u00d6man &#8211; SR P2 Mitt i musiken<\/p>\n\n\n\n<blockquote class=\"wp-block-quote\">\n<p>&#8221;Samtidigt \u00e4r detta lika mycket exotisk v\u00e4rldsmusik som n\u00e5got annat.<br>Det svenska timrade torpet \u00e4r snart lika legendomspunnet&nbsp;och mytiskt som Calcutta eller Bollywood. Denna skiva \u00e4r den&nbsp;gungande gryningens musik.&#8221;<\/p>\n<\/blockquote>\n\n\n\n<p class=\"has-text-align-right\">Kjell Alinge &#8211; Eldorado, Sveriges Radio<\/p>\n\n\n\n<blockquote class=\"wp-block-quote\">\n<p>&#8221;Hon blandar folk, jazz &amp; fritt improviserande skickligt och med&nbsp;inlevelse till en suggestiv mix.&#8221;<\/p>\n<\/blockquote>\n\n\n\n<p class=\"has-text-align-right\">Bj\u00f6rn G Stenberg &#8211; Uppsala nya tidning<\/p>\n\n\n\n<blockquote class=\"wp-block-quote\">\n<p>&#8221;Zara sjunger folkmusik, musikerna spelar jazz och alla \u00e4r lyckliga.&nbsp;Kan det bli b\u00e4ttre? Lycklig m\u00e5ste ocks\u00e5 lyssnaren bli.&nbsp;\u00c5tminstone glad f\u00f6r det h\u00e4r \u00e4r en skiva som ger gl\u00e4dje&#8221;<\/p>\n<\/blockquote>\n\n\n\n<p class=\"has-text-align-right\">Lennart G\u00f6tesson &#8211; Dalademokraten<\/p>\n\n\n\n<blockquote class=\"wp-block-quote\">\n<p>&#8221;Folkmusikens raka s\u00e5ngs\u00e4tt m\u00f6ter den sv\u00e4ngiga jazzen och det&nbsp;k\u00e4nns som om s\u00e5ngen ber\u00e4ttar en historia medan musiken tolkar&nbsp;k\u00e4nslorna. En h\u00e4ftig upplevelse!&#8221;<\/p>\n<\/blockquote>\n\n\n\n<p class=\"has-text-align-right\">Winnie Gravlund &#8211; Helsingborgs Dagblad<\/p>\n\n\n\n<blockquote class=\"wp-block-quote\">\n<p>&#8221;S\u00e5 kallade gr\u00e4ns\u00f6verskridanden resulterar ofta i hybridmusik som&nbsp;vattnar ur de genre som ska sm\u00e4ltas samman.&nbsp;Det h\u00e4nder inte h\u00e4r. N\u00e5, till vilken genre ska detta h\u00e4nf\u00f6ras?&nbsp;Till bra musik. Det r\u00e4cker.&#8221;<\/p>\n<\/blockquote>\n\n\n\n<p class=\"has-text-align-right\">Johnny Olsson &#8211; Nya Wermlandstidningen<\/p>\n\n\n\n<h2 class=\"wp-block-heading\"><\/h2>\n","protected":false},"excerpt":{"rendered":"<p>Release 16 September 2005. Label: Caprice Records (CAPCD 21757)&nbsp;Recorded in Nilento Studios, K\u00e5llered, Sweden march 2005. MUSICIANS Zara Tellander &#8211; voiceLisen Rylander &#8211; saxophone, bassclarinetJacob Karlzon &#8211; pianoJohannes Lundberg &#8211; bassJohan Bj\u00f6rklund &#8211; drumsThomas Gunillasson &#8211; guitar BUY MUSIC CD: 120 SEK incl. postage (Nordic countries). Order by mail.Apple Music PRESS (SWEDISH ONLY) &#8221;S\u00e5ngen \u00e4r &hellip; <\/p>\n<p class=\"link-more\"><a href=\"https:\/\/www.johanbjorklund.se\/index.php\/skivor\/zara-tellander-himmelens-hatt\/\" class=\"more-link\">Forts\u00e4tt l\u00e4sa<span class=\"screen-reader-text\"> &#8221;Zara Tellander \u2013 &#8221;Himmelens Hatt&#8221; 2005&#8243;<\/span><\/a><\/p>\n","protected":false},"author":1,"featured_media":0,"parent":9,"menu_order":12,"comment_status":"closed","ping_status":"closed","template":"","meta":{"footnotes":""},"_links":{"self":[{"href":"https:\/\/www.johanbjorklund.se\/index.php\/wp-json\/wp\/v2\/pages\/163"}],"collection":[{"href":"https:\/\/www.johanbjorklund.se\/index.php\/wp-json\/wp\/v2\/pages"}],"about":[{"href":"https:\/\/www.johanbjorklund.se\/index.php\/wp-json\/wp\/v2\/types\/page"}],"author":[{"embeddable":true,"href":"https:\/\/www.johanbjorklund.se\/index.php\/wp-json\/wp\/v2\/users\/1"}],"replies":[{"embeddable":true,"href":"https:\/\/www.johanbjorklund.se\/index.php\/wp-json\/wp\/v2\/comments?post=163"}],"version-history":[{"count":24,"href":"https:\/\/www.johanbjorklund.se\/index.php\/wp-json\/wp\/v2\/pages\/163\/revisions"}],"predecessor-version":[{"id":2451,"href":"https:\/\/www.johanbjorklund.se\/index.php\/wp-json\/wp\/v2\/pages\/163\/revisions\/2451"}],"up":[{"embeddable":true,"href":"https:\/\/www.johanbjorklund.se\/index.php\/wp-json\/wp\/v2\/pages\/9"}],"wp:attachment":[{"href":"https:\/\/www.johanbjorklund.se\/index.php\/wp-json\/wp\/v2\/media?parent=163"}],"curies":[{"name":"wp","href":"https:\/\/api.w.org\/{rel}","templated":true}]}}