{"id":1233,"date":"2018-08-05T23:27:05","date_gmt":"2018-08-05T21:27:05","guid":{"rendered":"http:\/\/www.johanbjorklund.se\/?page_id=1233"},"modified":"2023-08-17T15:10:42","modified_gmt":"2023-08-17T13:10:42","slug":"celso-paco-dynamo-de-luxe-mocambique-2018","status":"publish","type":"page","link":"https:\/\/www.johanbjorklund.se\/index.php\/skivor\/celso-paco-dynamo-de-luxe-mocambique-2018\/","title":{"rendered":"Celso Paco &#038; Dynamo de Luxe -&#8221;Mo\u00e7ambique&#8221; 2018"},"content":{"rendered":"<p><a href=\"https:\/\/www.johanbjorklund.se\/wp\/wp-content\/uploads\/2018\/08\/CPDD-Moc\u0327ambique.jpg\"><img decoding=\"async\" loading=\"lazy\" class=\"alignleft size-medium wp-image-1234\" src=\"https:\/\/www.johanbjorklund.se\/wp\/wp-content\/uploads\/2018\/08\/CPDD-Moc\u0327ambique-300x275.jpg\" alt=\" CPDD Mo\u00e7ambique\" width=\"300\" height=\"275\" srcset=\"https:\/\/www.johanbjorklund.se\/wp\/wp-content\/uploads\/2018\/08\/CPDD-Moc\u0327ambique-300x275.jpg 300w, https:\/\/www.johanbjorklund.se\/wp\/wp-content\/uploads\/2018\/08\/CPDD-Moc\u0327ambique-1024x939.jpg 1024w, https:\/\/www.johanbjorklund.se\/wp\/wp-content\/uploads\/2018\/08\/CPDD-Moc\u0327ambique.jpg 1653w\" sizes=\"(max-width: 300px) 100vw, 300px\" \/><\/a><br \/>\nRelease 23 August 2018<br \/>\nEKO IN GOTHENBURG<\/p>\n<p class=\"p1\"><span class=\"Apple-converted-space\">&nbsp;<\/span>Recorded at BongoRecordings, M\u00f6lndal by H\u00e5kan Svensson in January 2017<br \/>\nAdditional recording and edits by Johan Bj\u00f6rklund<br \/>\nat Studio Eternal Darkness, Gothenburg January &#8211; August 2017<br \/>\nMixed at Studio Zen by Kristofer G\u00f6ransson October 2017 &#8211; February 2018<br \/>\nMastered at Svenska Grammofonstudion, M\u00f6lndal by Hans Olsson Brookes, March 2018<br \/>\nProduced by Celso Paco &amp; Dynamo de Luxe, co-produced by Kristofer G\u00f6ransson<br \/>\nMade in Sweden with financial support from Swedish Art Council<\/p>\n<h2>Musicians:<\/h2>\n<p>Celso Paco \u2013 lead vocals, percussion, xylophone, kalimba, timbila<br \/>\nHans Edberg \u2013 guitars, harmonica<br \/>\nH\u00e5kan Hellquist &#8211; guitars, vocals<br \/>\nOla Hedman &#8211; bass, vocals<br \/>\nJohan Bj\u00f6rklund &#8211; drums, percussion, nord drum, glockenspiel, keyboards, zither<\/p>\n<p class=\"p1\">GUESTS<br \/>\nJamila Paco &#8211; vocals<br \/>\nHedvig Slomian &#8211; vocals<br \/>\nStefan Abelsson \u2013 alto saxophone<br \/>\nMike Lloyd &#8211; trumpet<br \/>\nBj\u00f6rn Cedergren \u2013 tenor saxophone<\/p>\n<h2>Buy:<\/h2>\n<p>CD: 120 sek, incl. postage (Nordic countries). Order by <a href=\"mailto:johan@johanbjorklund.se\">mail<\/a><br \/>\n<a href=\"https:\/\/itunes.apple.com\/se\/album\/mo\u00e7ambique\/1434462224\">Download<\/a> at Itunes.<br \/>\n<iframe loading=\"lazy\" title=\"Spotify Embed: Mo\u00e7ambique\" width=\"100%\" height=\"380\" frameborder=\"0\" allowfullscreen allow=\"autoplay; clipboard-write; encrypted-media; fullscreen; picture-in-picture\" src=\"https:\/\/open.spotify.com\/embed\/album\/5tUX8fsHzccb5GlX1Ob0N7?si=tGI7mzaNQ7GStL4ea4WOqw\"><\/iframe><\/p>\n","protected":false},"excerpt":{"rendered":"<p>Release 23 August 2018 EKO IN GOTHENBURG &nbsp;Recorded at BongoRecordings, M\u00f6lndal by H\u00e5kan Svensson in January 2017 Additional recording and edits by Johan Bj\u00f6rklund at Studio Eternal Darkness, Gothenburg January &#8211; August 2017 Mixed at Studio Zen by Kristofer G\u00f6ransson October 2017 &#8211; February 2018 Mastered at Svenska Grammofonstudion, M\u00f6lndal by Hans Olsson Brookes, March &hellip; <\/p>\n<p class=\"link-more\"><a href=\"https:\/\/www.johanbjorklund.se\/index.php\/skivor\/celso-paco-dynamo-de-luxe-mocambique-2018\/\" class=\"more-link\">Forts\u00e4tt l\u00e4sa<span class=\"screen-reader-text\"> &#8221;Celso Paco &#038; Dynamo de Luxe -&#8221;Mo\u00e7ambique&#8221; 2018&#8243;<\/span><\/a><\/p>\n","protected":false},"author":1,"featured_media":0,"parent":9,"menu_order":3,"comment_status":"closed","ping_status":"open","template":"","meta":{"footnotes":""},"_links":{"self":[{"href":"https:\/\/www.johanbjorklund.se\/index.php\/wp-json\/wp\/v2\/pages\/1233"}],"collection":[{"href":"https:\/\/www.johanbjorklund.se\/index.php\/wp-json\/wp\/v2\/pages"}],"about":[{"href":"https:\/\/www.johanbjorklund.se\/index.php\/wp-json\/wp\/v2\/types\/page"}],"author":[{"embeddable":true,"href":"https:\/\/www.johanbjorklund.se\/index.php\/wp-json\/wp\/v2\/users\/1"}],"replies":[{"embeddable":true,"href":"https:\/\/www.johanbjorklund.se\/index.php\/wp-json\/wp\/v2\/comments?post=1233"}],"version-history":[{"count":9,"href":"https:\/\/www.johanbjorklund.se\/index.php\/wp-json\/wp\/v2\/pages\/1233\/revisions"}],"predecessor-version":[{"id":1583,"href":"https:\/\/www.johanbjorklund.se\/index.php\/wp-json\/wp\/v2\/pages\/1233\/revisions\/1583"}],"up":[{"embeddable":true,"href":"https:\/\/www.johanbjorklund.se\/index.php\/wp-json\/wp\/v2\/pages\/9"}],"wp:attachment":[{"href":"https:\/\/www.johanbjorklund.se\/index.php\/wp-json\/wp\/v2\/media?parent=1233"}],"curies":[{"name":"wp","href":"https:\/\/api.w.org\/{rel}","templated":true}]}}