{"id":1153,"date":"2017-11-01T21:44:45","date_gmt":"2017-11-01T20:44:45","guid":{"rendered":"http:\/\/www.johanbjorklund.se\/?page_id=1153"},"modified":"2024-03-23T23:08:17","modified_gmt":"2024-03-23T22:08:17","slug":"the-sonic-e-dope-regards-2017","status":"publish","type":"page","link":"https:\/\/www.johanbjorklund.se\/index.php\/skivor\/the-sonic-e-dope-regards-2017\/","title":{"rendered":"The Sonic E &#8211; &#8221;Dope Regards&#8221; 2017"},"content":{"rendered":"\n<figure class=\"wp-block-image size-large is-style-default\"><a href=\"https:\/\/www.johanbjorklund.se\/wp\/wp-content\/uploads\/2017\/10\/TSE-Dope-Regards-e1509568392338.jpg\"><img decoding=\"async\" loading=\"lazy\" width=\"1024\" height=\"1024\" src=\"https:\/\/www.johanbjorklund.se\/wp\/wp-content\/uploads\/2017\/10\/TSE-Dope-Regards-1024x1024.jpg\" alt=\"\" class=\"wp-image-1143\"\/><\/a><\/figure>\n\n\n\n<figure class=\"wp-block-embed is-type-rich is-provider-spotify wp-block-embed-spotify wp-embed-aspect-21-9 wp-has-aspect-ratio\"><div class=\"wp-block-embed__wrapper\">\n<iframe loading=\"lazy\" src=\"https:\/\/open.spotify.com\/embed\/album\/0ZDAA3xFPq10CwLswhYzRr\" width=\"300\" height=\"380\" frameborder=\"0\" allowtransparency=\"true\" allow=\"encrypted-media\"><\/iframe>\n<\/div><\/figure>\n\n\n\n<figure class=\"wp-block-embed is-type-video is-provider-youtube wp-block-embed-youtube wp-embed-aspect-16-9 wp-has-aspect-ratio\"><div class=\"wp-block-embed__wrapper\">\n<iframe loading=\"lazy\" title=\"The Sonic E - &quot;Dope Regards&quot; 2017 PROMO\" width=\"525\" height=\"295\" src=\"https:\/\/www.youtube.com\/embed\/pb7PgBtieUA?feature=oembed\" frameborder=\"0\" allow=\"accelerometer; autoplay; clipboard-write; encrypted-media; gyroscope; picture-in-picture; web-share\" allowfullscreen><\/iframe>\n<\/div><\/figure>\n\n\n<p><a href=\"https:\/\/www.johanbjorklund.se\/wp\/wp-content\/uploads\/2017\/10\/TSE-Dope-Regards-e1509568392338.jpg\"><!--?xml version=\"1.0\" encoding=\"UTF-8\"?--><\/a><\/p>\n<div>\n<p>Release 1 November 2017. Label: Simlas<br \/>Recorded at Studio V\u00e4ster\u00e5s, Sweden in April 2015 by Stephan L\u00f6vstrand.<br \/>Mixed by Thomas Gunillasson except \u201dKnubbsteph\u201d and \u201dStabbed from Behind\u201d by Mats Nyman.<br \/>Mastered at Svenska Grammofonstudion, Gothenburg, Sweden by Kristofer G\u00f6ransson.<br \/>Cover photo\/layout: Thomas Gunillasson.<\/p>\n<h2>MUSICIANS<\/h2>\n<p>Thomas Gunillasson &#8211; guitars, laptop<br \/>Jonas F\u00e4rnl\u00f6f &#8211; voice, bass, percussion, laptop<br \/>Johan Bj\u00f6rklund &#8211; drums, percussion, laptop<br \/>Thomas Backman &#8211; alto saxophone, clarinet, flute, voice, laptop<\/p>\n<h2>BUY<\/h2>\n<p><a href=\"https:\/\/itunes.apple.com\/se\/album\/dope-regards\/id1303542886\">Apple Music<\/a><\/p>\n<\/div>","protected":false},"excerpt":{"rendered":"<p>Release 1 November 2017. Label: SimlasRecorded at Studio V\u00e4ster\u00e5s, Sweden in April 2015 by Stephan L\u00f6vstrand.Mixed by Thomas Gunillasson except \u201dKnubbsteph\u201d and \u201dStabbed from Behind\u201d by Mats Nyman.Mastered at Svenska Grammofonstudion, Gothenburg, Sweden by Kristofer G\u00f6ransson.Cover photo\/layout: Thomas Gunillasson. MUSICIANS Thomas Gunillasson &#8211; guitars, laptopJonas F\u00e4rnl\u00f6f &#8211; voice, bass, percussion, laptopJohan Bj\u00f6rklund &#8211; drums, percussion, &hellip; <\/p>\n<p class=\"link-more\"><a href=\"https:\/\/www.johanbjorklund.se\/index.php\/skivor\/the-sonic-e-dope-regards-2017\/\" class=\"more-link\">Forts\u00e4tt l\u00e4sa<span class=\"screen-reader-text\"> &#8221;The Sonic E &#8211; &#8221;Dope Regards&#8221; 2017&#8243;<\/span><\/a><\/p>\n","protected":false},"author":1,"featured_media":0,"parent":9,"menu_order":7,"comment_status":"closed","ping_status":"open","template":"","meta":{"footnotes":""},"_links":{"self":[{"href":"https:\/\/www.johanbjorklund.se\/index.php\/wp-json\/wp\/v2\/pages\/1153"}],"collection":[{"href":"https:\/\/www.johanbjorklund.se\/index.php\/wp-json\/wp\/v2\/pages"}],"about":[{"href":"https:\/\/www.johanbjorklund.se\/index.php\/wp-json\/wp\/v2\/types\/page"}],"author":[{"embeddable":true,"href":"https:\/\/www.johanbjorklund.se\/index.php\/wp-json\/wp\/v2\/users\/1"}],"replies":[{"embeddable":true,"href":"https:\/\/www.johanbjorklund.se\/index.php\/wp-json\/wp\/v2\/comments?post=1153"}],"version-history":[{"count":6,"href":"https:\/\/www.johanbjorklund.se\/index.php\/wp-json\/wp\/v2\/pages\/1153\/revisions"}],"predecessor-version":[{"id":2478,"href":"https:\/\/www.johanbjorklund.se\/index.php\/wp-json\/wp\/v2\/pages\/1153\/revisions\/2478"}],"up":[{"embeddable":true,"href":"https:\/\/www.johanbjorklund.se\/index.php\/wp-json\/wp\/v2\/pages\/9"}],"wp:attachment":[{"href":"https:\/\/www.johanbjorklund.se\/index.php\/wp-json\/wp\/v2\/media?parent=1153"}],"curies":[{"name":"wp","href":"https:\/\/api.w.org\/{rel}","templated":true}]}}