{"id":1016,"date":"2016-03-26T23:32:38","date_gmt":"2016-03-26T22:32:38","guid":{"rendered":"http:\/\/www.johanbjorklund.se\/?page_id=1016"},"modified":"2024-03-23T23:17:17","modified_gmt":"2024-03-23T22:17:17","slug":"johan-bjorklund-dynamic-flavours-burning-bridges","status":"publish","type":"page","link":"https:\/\/www.johanbjorklund.se\/index.php\/skivor\/johan-bjorklund-dynamic-flavours-burning-bridges\/","title":{"rendered":"Johan Bj\u00f6rklund Dynamic Flavours &#8211; &#8221;Burning bridges&#8221; 2016"},"content":{"rendered":"\n<figure class=\"wp-block-image size-large is-style-default\"><a href=\"https:\/\/www.johanbjorklund.se\/wp\/wp-content\/uploads\/2016\/02\/burning_bridges_cropped_hires.jpg\"><img decoding=\"async\" loading=\"lazy\" width=\"1024\" height=\"907\" src=\"https:\/\/www.johanbjorklund.se\/wp\/wp-content\/uploads\/2016\/02\/burning_bridges_cropped_hires-1024x907.jpg\" alt=\"\" class=\"wp-image-1010\" srcset=\"https:\/\/www.johanbjorklund.se\/wp\/wp-content\/uploads\/2016\/02\/burning_bridges_cropped_hires-1024x907.jpg 1024w, https:\/\/www.johanbjorklund.se\/wp\/wp-content\/uploads\/2016\/02\/burning_bridges_cropped_hires-300x265.jpg 300w\" sizes=\"(max-width: 767px) 89vw, (max-width: 1000px) 54vw, (max-width: 1071px) 543px, 580px\" \/><\/a><\/figure>\n\n\n\n<figure class=\"wp-block-embed is-type-rich is-provider-spotify wp-block-embed-spotify wp-embed-aspect-21-9 wp-has-aspect-ratio\"><div class=\"wp-block-embed__wrapper\">\n<iframe title=\"Spotify Embed: Burning Bridges\" style=\"border-radius: 12px\" width=\"100%\" height=\"352\" frameborder=\"0\" allowfullscreen allow=\"autoplay; clipboard-write; encrypted-media; fullscreen; picture-in-picture\" loading=\"lazy\" src=\"https:\/\/open.spotify.com\/embed\/album\/6frU3o2MyS9bMTfUJOBO9N?si=FFeP1d6KSw-nVMWfy-CtqA&#038;utm_source=oembed\"><\/iframe>\n<\/div><\/figure>\n\n\n<p>Released 4 April 2016. Label:\u00a0<a href=\"http:\/\/www.imogena.se\/\" target=\"_blank\" rel=\"noopener noreferrer\">Imogena<\/a> (IGCD 179)\u00a0<br \/>Recorded and mixed at Studio Epidemin, Gothenburg,<br \/>Sweden 2013-2015 by Johannes Lundberg.<br \/>Produced by Johan Bj\u00f6rklund and Johannes Lundberg.<\/p>\n<h2>MUSICIANS<\/h2>\n<p>Johan Bj\u00f6rklund &#8211; drums<br \/>Mats Eriksson &#8211; guitar<br \/>Bj\u00f6rn Almgren &#8211; saxophone<br \/>Magnus Bergstr\u00f6m &#8211; bass<\/p>\n<h2>BUY<\/h2>\n<p>CD 120 sek, incl. postage (Nordic countries). Order by <a style=\"font-size: inherit;\" href=\"mailto:johan@johanbjorklund.se\">mail<\/a><br \/><a href=\"https:\/\/itunes.apple.com\/se\/album\/burning-bridges-feat-johan-bj%C3%B6rklund\/1098949539\">Apple Music<\/a><\/p>","protected":false},"excerpt":{"rendered":"<p>Released 4 April 2016. Label:\u00a0Imogena (IGCD 179)\u00a0Recorded and mixed at Studio Epidemin, Gothenburg,Sweden 2013-2015 by Johannes Lundberg.Produced by Johan Bj\u00f6rklund and Johannes Lundberg. MUSICIANS Johan Bj\u00f6rklund &#8211; drumsMats Eriksson &#8211; guitarBj\u00f6rn Almgren &#8211; saxophoneMagnus Bergstr\u00f6m &#8211; bass BUY CD 120 sek, incl. postage (Nordic countries). Order by mailApple Music<\/p>\n","protected":false},"author":1,"featured_media":0,"parent":9,"menu_order":7,"comment_status":"closed","ping_status":"open","template":"","meta":{"footnotes":""},"_links":{"self":[{"href":"https:\/\/www.johanbjorklund.se\/index.php\/wp-json\/wp\/v2\/pages\/1016"}],"collection":[{"href":"https:\/\/www.johanbjorklund.se\/index.php\/wp-json\/wp\/v2\/pages"}],"about":[{"href":"https:\/\/www.johanbjorklund.se\/index.php\/wp-json\/wp\/v2\/types\/page"}],"author":[{"embeddable":true,"href":"https:\/\/www.johanbjorklund.se\/index.php\/wp-json\/wp\/v2\/users\/1"}],"replies":[{"embeddable":true,"href":"https:\/\/www.johanbjorklund.se\/index.php\/wp-json\/wp\/v2\/comments?post=1016"}],"version-history":[{"count":14,"href":"https:\/\/www.johanbjorklund.se\/index.php\/wp-json\/wp\/v2\/pages\/1016\/revisions"}],"predecessor-version":[{"id":2483,"href":"https:\/\/www.johanbjorklund.se\/index.php\/wp-json\/wp\/v2\/pages\/1016\/revisions\/2483"}],"up":[{"embeddable":true,"href":"https:\/\/www.johanbjorklund.se\/index.php\/wp-json\/wp\/v2\/pages\/9"}],"wp:attachment":[{"href":"https:\/\/www.johanbjorklund.se\/index.php\/wp-json\/wp\/v2\/media?parent=1016"}],"curies":[{"name":"wp","href":"https:\/\/api.w.org\/{rel}","templated":true}]}}