{"id":100,"date":"2012-09-24T12:45:57","date_gmt":"2012-09-24T10:45:57","guid":{"rendered":"http:\/\/www.johanbjorklund.se\/?page_id=100"},"modified":"2025-10-02T18:05:06","modified_gmt":"2025-10-02T16:05:06","slug":"kontakt","status":"publish","type":"page","link":"https:\/\/www.johanbjorklund.se\/index.php\/kontakt\/","title":{"rendered":"CONTACT"},"content":{"rendered":"\n<figure class=\"wp-block-image size-large is-style-default\"><a href=\"https:\/\/www.johanbjorklund.se\/wp\/wp-content\/uploads\/2019\/11\/cropped-Johan-Bjo\u0308rklund-9618svvmail.jpg\"><img decoding=\"async\" loading=\"lazy\" width=\"1024\" height=\"614\" src=\"https:\/\/www.johanbjorklund.se\/wp\/wp-content\/uploads\/2019\/11\/cropped-Johan-Bjo\u0308rklund-9618svvmail-1024x614.jpg\" alt=\"\" class=\"wp-image-1615\" srcset=\"https:\/\/www.johanbjorklund.se\/wp\/wp-content\/uploads\/2019\/11\/cropped-Johan-Bjo\u0308rklund-9618svvmail-1024x614.jpg 1024w, https:\/\/www.johanbjorklund.se\/wp\/wp-content\/uploads\/2019\/11\/cropped-Johan-Bjo\u0308rklund-9618svvmail-300x180.jpg 300w, https:\/\/www.johanbjorklund.se\/wp\/wp-content\/uploads\/2019\/11\/cropped-Johan-Bjo\u0308rklund-9618svvmail-768x461.jpg 768w, https:\/\/www.johanbjorklund.se\/wp\/wp-content\/uploads\/2019\/11\/cropped-Johan-Bjo\u0308rklund-9618svvmail-1536x922.jpg 1536w, https:\/\/www.johanbjorklund.se\/wp\/wp-content\/uploads\/2019\/11\/cropped-Johan-Bjo\u0308rklund-9618svvmail.jpg 2000w\" sizes=\"(max-width: 767px) 89vw, (max-width: 1000px) 54vw, (max-width: 1071px) 543px, 580px\" \/><\/a><\/figure>\n\n\n<p>Johan Bj\u00f6rklund<br \/>Amandas G\u00e5rd 10<br \/>SE-414 83 G\u00f6teborg<br \/>Sweden<\/p>\n<p>Phone: +46(0)70 678 42 75<br \/>E-mail: <a href=\"mailto:johan@johanbjorklund.se\">johan@johanbjorklund.se<\/a><br \/>Facebook: <a href=\"http:\/\/www.facebook.com\/johan.bjorklund\">facebook.com\/johan.bjorklund<\/a><br \/>Instagram: <a href=\"https:\/\/www.instagram.com\/johanbjorklundofficial\/\">Johan Bj\u00f6rklund<\/a><br \/>Youtube: <a href=\"https:\/\/www.youtube.com\/user\/starclassic2\">Johan Bj\u00f6rklund<\/a><br \/>Bandcamp: <a href=\"https:\/\/johanbjrklund.bandcamp.com\/\">Johan Bj\u00f6rklund<\/a><\/p>\n<h3><strong>Collaboration inquiries<\/strong><\/h3>\n<\/p>\n\n\n<p>I welcome most kind of collaborations (recordings, live gigs, composing etc). Please feel free to contact me (email is preferred) and tell me your idea.<br>In my Gothenburg-based Studio Eternal Darkness I can make drum\/percussionrecordings for your music.<\/p>\n","protected":false},"excerpt":{"rendered":"<p>Johan Bj\u00f6rklundAmandas G\u00e5rd 10SE-414 83 G\u00f6teborgSweden Phone: +46(0)70 678 42 75E-mail: johan@johanbjorklund.seFacebook: facebook.com\/johan.bjorklundInstagram: Johan Bj\u00f6rklundYoutube: Johan Bj\u00f6rklundBandcamp: Johan Bj\u00f6rklund Collaboration inquiries I welcome most kind of collaborations (recordings, live gigs, composing etc). Please feel free to contact me (email is preferred) and tell me your idea.In my Gothenburg-based Studio Eternal Darkness I can make drum\/percussionrecordings &hellip; <\/p>\n<p class=\"link-more\"><a href=\"https:\/\/www.johanbjorklund.se\/index.php\/kontakt\/\" class=\"more-link\">Forts\u00e4tt l\u00e4sa<span class=\"screen-reader-text\"> &#8221;CONTACT&#8221;<\/span><\/a><\/p>\n","protected":false},"author":1,"featured_media":0,"parent":0,"menu_order":8,"comment_status":"closed","ping_status":"closed","template":"","meta":{"footnotes":""},"_links":{"self":[{"href":"https:\/\/www.johanbjorklund.se\/index.php\/wp-json\/wp\/v2\/pages\/100"}],"collection":[{"href":"https:\/\/www.johanbjorklund.se\/index.php\/wp-json\/wp\/v2\/pages"}],"about":[{"href":"https:\/\/www.johanbjorklund.se\/index.php\/wp-json\/wp\/v2\/types\/page"}],"author":[{"embeddable":true,"href":"https:\/\/www.johanbjorklund.se\/index.php\/wp-json\/wp\/v2\/users\/1"}],"replies":[{"embeddable":true,"href":"https:\/\/www.johanbjorklund.se\/index.php\/wp-json\/wp\/v2\/comments?post=100"}],"version-history":[{"count":84,"href":"https:\/\/www.johanbjorklund.se\/index.php\/wp-json\/wp\/v2\/pages\/100\/revisions"}],"predecessor-version":[{"id":2686,"href":"https:\/\/www.johanbjorklund.se\/index.php\/wp-json\/wp\/v2\/pages\/100\/revisions\/2686"}],"wp:attachment":[{"href":"https:\/\/www.johanbjorklund.se\/index.php\/wp-json\/wp\/v2\/media?parent=100"}],"curies":[{"name":"wp","href":"https:\/\/api.w.org\/{rel}","templated":true}]}}